{"id":39499,"date":"2020-07-31T13:18:18","date_gmt":"2020-07-31T13:13:32","guid":{"rendered":"https:\/\/brieger.hundert1.ch\/produkt\/61180\/"},"modified":"2025-10-29T14:23:25","modified_gmt":"2025-10-29T13:23:25","slug":"61180","status":"publish","type":"product","link":"https:\/\/brieger.ch\/fr\/product\/61180\/","title":{"rendered":"Carton 330 x 250 x 300 mm \u2013 Emballage simple paroi fiable en marron"},"content":{"rendered":"<p>Avec la caisse en carton 330 \u00d7 250 \u00d7 300 mm, vous obtenez un emballage universel hautement fonctionnel, id\u00e9al comme <a href=\"https:\/\/brieger.ch\/fr\/boites\/boxes\/\">caisse carton<\/a> pour l\u2019exp\u00e9dition, le stockage ou la pr\u00e9sentation de produits. Gr\u00e2ce \u00e0 un volume int\u00e9rieur de 0,0090\u202fm\u00b3 et un volume ext\u00e9rieur de 0,0110\u202fm\u00b3, elle offre un excellent \u00e9quilibre entre capacit\u00e9 et stabilit\u00e9. La caisse en carton est disponible en brun naturel, p\u00e8se 388g, et peut \u00eatre command\u00e9e \u00e0 partir de 25 unit\u00e9s. Une palette peut contenir jusqu\u2019\u00e0 500 unit\u00e9s.<\/p>\n<p>Cette caisse carton est \u00e9galement imprimable, ce qui vous permet de la personnaliser avec votre logo d\u2019entreprise ou des messages promotionnels.<\/p>\n<h3>Avantages &amp; domaines d\u2019application des caisses en carton<\/h3>\n<ul>\n<li>L\u00e9g\u00e8re &amp; r\u00e9sistante : Malgr\u00e9 son faible poids, cette caisse en carton assure une structure solide pour emballer vos produits en toute s\u00e9curit\u00e9.<\/li>\n<li>Utilisation polyvalente : Que ce soit pour <a href=\"https:\/\/brieger.ch\/fr\/e-commerce\/\">l\u2019e\u2011commerce<\/a>, comme emballage cadeau ou pour la logistique, ces caisses carton s\u2019adaptent parfaitement \u00e0 vos besoins.<\/li>\n<li>Imprimable pour votre image de marque : La surface peut \u00eatre personnalis\u00e9e pour afficher votre logo \u2013 id\u00e9al si vous souhaitez acheter une caisse carton ou plusieurs caisses carton pas cher.<\/li>\n<li>Respectueuse de l\u2019environnement : Fabriqu\u00e9e \u00e0 partir de mat\u00e9riaux recyclables, cette caisse en carton ondul\u00e9 r\u00e9pond aux exigences des emballages durables.<\/li>\n<\/ul>\n","protected":false},"excerpt":{"rendered":"<p>Boxes 1-cannelure brun<\/p>\n","protected":false},"featured_media":33258,"comment_status":"closed","ping_status":"closed","template":"","meta":{"_searchwp_excluded":""},"product_brand":[],"product_cat":[772,773],"product_tag":[],"farbe":[813],"qualitaet":[144],"artikelart":[840],"produktstatus":[],"wellig":[994],"class_list":{"0":"post-39499","1":"product","2":"type-product","3":"status-publish","4":"has-post-thumbnail","6":"product_cat-boxes","7":"product_cat-boxes-1-cannelure","8":"farbe-brun","9":"qualitaet-3-0-mm","10":"artikelart-boxes-1-cannelure-brun","11":"wellig-1-cannelure","13":"first","14":"instock","15":"taxable","16":"shipping-taxable","17":"purchasable","18":"product-type-simple"},"tiered_pricing_type":"fixed","tiered_pricing_fixed_rules":{"50":"2.6","100":"2.28","200":"1.8","300":"1.61","500":"1.56","1000":"1.49"},"tiered_pricing_product_settings":{"layout":"default","base_unit_name":{"singular":null,"plural":null},"default_variation":null},"tiered_pricing_minimum_quantity":25,"tiered_pricing_roles_data":{"galenica-group":{"product_id":39499,"role":"galenica-group","pricing_type":"flat","regular_price":1.23,"sale_price":null,"discount":null,"discount_type":"sale_price","tiered_pricing_type":"fixed","percentage_rules":[],"fixed_rules":[],"minimum":25}},"tiered_pricing_percentage_rules":[],"tiered_pricing_maximum_quantity":null,"tiered_pricing_quantity_step":null,"_links":{"self":[{"href":"https:\/\/brieger.ch\/fr\/wp-json\/wp\/v2\/product\/39499","targetHints":{"allow":["GET"]}}],"collection":[{"href":"https:\/\/brieger.ch\/fr\/wp-json\/wp\/v2\/product"}],"about":[{"href":"https:\/\/brieger.ch\/fr\/wp-json\/wp\/v2\/types\/product"}],"replies":[{"embeddable":true,"href":"https:\/\/brieger.ch\/fr\/wp-json\/wp\/v2\/comments?post=39499"}],"wp:featuredmedia":[{"embeddable":true,"href":"https:\/\/brieger.ch\/fr\/wp-json\/wp\/v2\/media\/33258"}],"wp:attachment":[{"href":"https:\/\/brieger.ch\/fr\/wp-json\/wp\/v2\/media?parent=39499"}],"wp:term":[{"taxonomy":"product_brand","embeddable":true,"href":"https:\/\/brieger.ch\/fr\/wp-json\/wp\/v2\/product_brand?post=39499"},{"taxonomy":"product_cat","embeddable":true,"href":"https:\/\/brieger.ch\/fr\/wp-json\/wp\/v2\/product_cat?post=39499"},{"taxonomy":"product_tag","embeddable":true,"href":"https:\/\/brieger.ch\/fr\/wp-json\/wp\/v2\/product_tag?post=39499"},{"taxonomy":"farbe","embeddable":true,"href":"https:\/\/brieger.ch\/fr\/wp-json\/wp\/v2\/farbe?post=39499"},{"taxonomy":"qualitaet","embeddable":true,"href":"https:\/\/brieger.ch\/fr\/wp-json\/wp\/v2\/qualitaet?post=39499"},{"taxonomy":"artikelart","embeddable":true,"href":"https:\/\/brieger.ch\/fr\/wp-json\/wp\/v2\/artikelart?post=39499"},{"taxonomy":"produktstatus","embeddable":true,"href":"https:\/\/brieger.ch\/fr\/wp-json\/wp\/v2\/produktstatus?post=39499"},{"taxonomy":"wellig","embeddable":true,"href":"https:\/\/brieger.ch\/fr\/wp-json\/wp\/v2\/wellig?post=39499"}],"curies":[{"name":"wp","href":"https:\/\/api.w.org\/{rel}","templated":true}]}}