{"id":39497,"date":"2020-07-31T13:18:18","date_gmt":"2020-07-31T13:13:32","guid":{"rendered":"https:\/\/brieger.hundert1.ch\/produkt\/61175\/"},"modified":"2025-10-28T21:40:41","modified_gmt":"2025-10-28T20:40:41","slug":"61175","status":"publish","type":"product","link":"https:\/\/brieger.ch\/fr\/product\/61175\/","title":{"rendered":"Bo\u00eete en carton 325 \u00d7 240 \u00d7 140 mm \u2013 Emballage compact pour formats A4"},"content":{"rendered":"<p>Avec un volume int\u00e9rieur de 0,011 m\u00b3 et un volume ext\u00e9rieur de 0,013 m\u00b3, cette caisse carton est id\u00e9ale pour l\u2019exp\u00e9dition ou le stockage de documents, brochures, catalogues ou autres contenus au <a href=\"https:\/\/brieger.ch\/fr\/a4\/\">format A4<\/a>. Elle optimise l\u2019espace tout en prot\u00e9geant efficacement vos produits.<\/p>\n<p>Fabriqu\u00e9e en carton ondul\u00e9 brun \u00e0 1 cannelure, cette caisse en carton p\u00e8se seulement 235\u202fg. Elle est imprimable, ce qui permet d\u2019y int\u00e9grer facilement votre logo, des informations produits ou toute autre personnalisation. Disponible d\u00e8s 25 pi\u00e8ces \u2013 une solution id\u00e9ale pour toutes tailles d\u2019entreprise.<\/p>\n<h3>Avantages &amp; Caract\u00e9ristiques<\/h3>\n<ul>\n<li>Dimensions : 325 \u00d7 240 \u00d7 140 mm<\/li>\n<li>Volume int\u00e9rieur : 0,011 m\u00b3 \/ Volume ext\u00e9rieur : 0,013 m\u00b3<\/li>\n<li>Poids net : 235\u202fg<\/li>\n<li>Conception \u00e0 1 cannelure \u2013 l\u00e9g\u00e8re et r\u00e9sistante<\/li>\n<li>\u00c9cologique \u2013 mat\u00e9riau recyclable<\/li>\n<li>Imprimable pour marquage personnalis\u00e9<\/li>\n<li>Commande minimale : 25 pi\u00e8ces<\/li>\n<li>Conditionnement : 25 pi\u00e8ces \/ Palette : 800 pi\u00e8ces<\/li>\n<li>Parfaite pour formats A4 et produits plats<\/li>\n<\/ul>\n<h3>Usages pratiques<\/h3>\n<p>Cette <a href=\"https:\/\/brieger.ch\/fr\/boites\/boxes\/\">bo\u00eete en carton<\/a> est parfaite pour <a href=\"https:\/\/brieger.ch\/fr\/emballages-postaux\/enveloppes-et-emballages-dexpedition\/\">exp\u00e9dier des documents<\/a>, des fournitures de bureau, du mat\u00e9riel imprim\u00e9, des objets promotionnels ou encore de petits produits \u00e9lectroniques. Facile \u00e0 manipuler et empilable, elle convient aussi bien \u00e0 l\u2019e-commerce qu\u2019aux besoins logistiques internes.<\/p>\n","protected":false},"excerpt":{"rendered":"<p>Boxes 1-cannelure brun<\/p>\n","protected":false},"featured_media":33258,"comment_status":"closed","ping_status":"closed","template":"","meta":{"_searchwp_excluded":""},"product_brand":[],"product_cat":[772,773],"product_tag":[],"farbe":[813],"qualitaet":[502],"artikelart":[840],"produktstatus":[],"wellig":[994],"class_list":{"0":"post-39497","1":"product","2":"type-product","3":"status-publish","4":"has-post-thumbnail","6":"product_cat-boxes","7":"product_cat-boxes-1-cannelure","8":"farbe-brun","9":"qualitaet-4-0-mm","10":"artikelart-boxes-1-cannelure-brun","11":"wellig-1-cannelure","13":"first","14":"instock","15":"taxable","16":"shipping-taxable","17":"purchasable","18":"product-type-simple"},"tiered_pricing_type":"fixed","tiered_pricing_fixed_rules":{"50":"1.88","100":"1.56","200":"1.31","500":"0.95","800":"0.88","1600":"0.81"},"tiered_pricing_product_settings":{"layout":"default","base_unit_name":{"singular":null,"plural":null},"default_variation":null},"tiered_pricing_minimum_quantity":25,"tiered_pricing_roles_data":{"galenica-group":{"product_id":39497,"role":"galenica-group","pricing_type":"flat","regular_price":0.73,"sale_price":null,"discount":null,"discount_type":"sale_price","tiered_pricing_type":"fixed","percentage_rules":[],"fixed_rules":[],"minimum":25}},"tiered_pricing_percentage_rules":[],"tiered_pricing_maximum_quantity":null,"tiered_pricing_quantity_step":null,"_links":{"self":[{"href":"https:\/\/brieger.ch\/fr\/wp-json\/wp\/v2\/product\/39497","targetHints":{"allow":["GET"]}}],"collection":[{"href":"https:\/\/brieger.ch\/fr\/wp-json\/wp\/v2\/product"}],"about":[{"href":"https:\/\/brieger.ch\/fr\/wp-json\/wp\/v2\/types\/product"}],"replies":[{"embeddable":true,"href":"https:\/\/brieger.ch\/fr\/wp-json\/wp\/v2\/comments?post=39497"}],"wp:featuredmedia":[{"embeddable":true,"href":"https:\/\/brieger.ch\/fr\/wp-json\/wp\/v2\/media\/33258"}],"wp:attachment":[{"href":"https:\/\/brieger.ch\/fr\/wp-json\/wp\/v2\/media?parent=39497"}],"wp:term":[{"taxonomy":"product_brand","embeddable":true,"href":"https:\/\/brieger.ch\/fr\/wp-json\/wp\/v2\/product_brand?post=39497"},{"taxonomy":"product_cat","embeddable":true,"href":"https:\/\/brieger.ch\/fr\/wp-json\/wp\/v2\/product_cat?post=39497"},{"taxonomy":"product_tag","embeddable":true,"href":"https:\/\/brieger.ch\/fr\/wp-json\/wp\/v2\/product_tag?post=39497"},{"taxonomy":"farbe","embeddable":true,"href":"https:\/\/brieger.ch\/fr\/wp-json\/wp\/v2\/farbe?post=39497"},{"taxonomy":"qualitaet","embeddable":true,"href":"https:\/\/brieger.ch\/fr\/wp-json\/wp\/v2\/qualitaet?post=39497"},{"taxonomy":"artikelart","embeddable":true,"href":"https:\/\/brieger.ch\/fr\/wp-json\/wp\/v2\/artikelart?post=39497"},{"taxonomy":"produktstatus","embeddable":true,"href":"https:\/\/brieger.ch\/fr\/wp-json\/wp\/v2\/produktstatus?post=39497"},{"taxonomy":"wellig","embeddable":true,"href":"https:\/\/brieger.ch\/fr\/wp-json\/wp\/v2\/wellig?post=39497"}],"curies":[{"name":"wp","href":"https:\/\/api.w.org\/{rel}","templated":true}]}}