{"id":39489,"date":"2020-07-31T13:18:04","date_gmt":"2020-07-31T13:13:32","guid":{"rendered":"https:\/\/brieger.hundert1.ch\/produkt\/61160\/"},"modified":"2025-06-18T12:10:25","modified_gmt":"2025-06-18T10:10:25","slug":"61160","status":"publish","type":"product","link":"https:\/\/brieger.ch\/fr\/product\/61160\/","title":{"rendered":"Bo\u00eete carton 305 x 216 x 140 mm \u2013 Format pratique pour envois l\u00e9gers"},"content":{"rendered":"<p>Cette bo\u00eete en carton <a href=\"https:\/\/brieger.ch\/fr\/a4\/\" target=\"_blank\" rel=\"noopener\">A4<\/a> au format 305 x 216 x 140 mm est id\u00e9ale pour les envois quotidiens, le bureau ou <a href=\"https:\/\/brieger.ch\/fr\/boites\/archivage\/\" target=\"_blank\" rel=\"noopener\">l&rsquo;archivage<\/a>. La construction \u00e0 1 cannelure prot\u00e8ge vos contenus de mani\u00e8re fiable tout en ne pesant que 199 g \u00e0 vide.<\/p>\n<p>Qu&rsquo;elle soit utilis\u00e9e comme <a href=\"https:\/\/brieger.ch\/fr\/bouteilles\/emballages-dexpedition-postale\/?srsltid=AfmBOoqGVZ88XIiIs8aCzXTGK6wJ7z0hOATI5fn6BV6_fmuv8j2qoQo2\" target=\"_blank\" rel=\"noopener\">emballage d&rsquo;exp\u00e9dition<\/a> l\u00e9ger ou comme bo\u00eete en carton empilable pour les \u00e9tag\u00e8res, son volume int\u00e9rieur de 0,0092 m\u00b3 offre suffisamment de place pour les documents, les pi\u00e8ces de rechange ou le mat\u00e9riel publicitaire.<\/p>\n<h2>Avantages de ces bo\u00eetes en carton<\/h2>\n<ul>\n<li><a href=\"https:\/\/brieger.ch\/fr\/formats-a5-a4-b4-b5\/\" target=\"_blank\" rel=\"noopener\">Format<\/a> 305 x 216 x 140 mm &#8211; convient pour dimensions A4<\/li>\n<li>L\u00e9ger, stable et <a href=\"https:\/\/fsc-schweiz.ch\/ueber-fsc\/unsere-labels\/\" target=\"_blank\" rel=\"noopener\">\u00e9cologique<\/a><\/li>\n<li>Mod\u00e8le \u00e0 1 cannelure &#8211; id\u00e9al pour l&rsquo;exp\u00e9dition standard<\/li>\n<li>Empilable &amp; imprimable &#8211; pour un branding professionnel<\/li>\n<li>En <a href=\"https:\/\/brieger.ch\/fr\/couleurs-brun\/\" target=\"_blank\" rel=\"noopener\">brun<\/a> &#8211; neutre &amp; pratique dans le quotidien de l&rsquo;entrep\u00f4t<\/li>\n<\/ul>\n<p>Ceux qui souhaitent acheter r\u00e9guli\u00e8rement des bo\u00eetes en carton misent sur l&rsquo;efficacit\u00e9 et la durabilit\u00e9 avec ce mod\u00e8le. <a href=\"https:\/\/brieger.ch\/fr\/boites\/boxes\/\" target=\"_blank\" rel=\"noopener\">Acheter une bo\u00eete en carton<\/a> maintenant ou acheter plusieurs bo\u00eetes en carton en m\u00eame temps et profiter de prix unitaires &#8211; acheter des bo\u00eetes en carton, c&rsquo;est facile.<\/p>\n","protected":false},"excerpt":{"rendered":"<p>Boxes 1-cannelure brun<\/p>\n","protected":false},"featured_media":33258,"comment_status":"closed","ping_status":"closed","template":"","meta":{"_searchwp_excluded":""},"product_brand":[],"product_cat":[772,773],"product_tag":[],"farbe":[813],"qualitaet":[144],"artikelart":[840],"produktstatus":[],"wellig":[994],"class_list":{"0":"post-39489","1":"product","2":"type-product","3":"status-publish","4":"has-post-thumbnail","6":"product_cat-boxes","7":"product_cat-boxes-1-cannelure","8":"farbe-brun","9":"qualitaet-3-0-mm","10":"artikelart-boxes-1-cannelure-brun","11":"wellig-1-cannelure","13":"first","14":"instock","15":"taxable","16":"shipping-taxable","17":"purchasable","18":"product-type-simple"},"tiered_pricing_type":"fixed","tiered_pricing_fixed_rules":{"50":"1.65","100":"1.35","200":"1.14","500":"0.82","1000":"0.73","2000":"0.69"},"tiered_pricing_product_settings":{"layout":"default","base_unit_name":{"singular":null,"plural":null},"default_variation":null},"tiered_pricing_minimum_quantity":25,"tiered_pricing_roles_data":{"galenica-group":{"product_id":39489,"role":"galenica-group","pricing_type":"flat","regular_price":0.55,"sale_price":null,"discount":null,"discount_type":"sale_price","tiered_pricing_type":"fixed","percentage_rules":[],"fixed_rules":[],"minimum":25}},"tiered_pricing_percentage_rules":[],"tiered_pricing_maximum_quantity":null,"tiered_pricing_quantity_step":null,"_links":{"self":[{"href":"https:\/\/brieger.ch\/fr\/wp-json\/wp\/v2\/product\/39489","targetHints":{"allow":["GET"]}}],"collection":[{"href":"https:\/\/brieger.ch\/fr\/wp-json\/wp\/v2\/product"}],"about":[{"href":"https:\/\/brieger.ch\/fr\/wp-json\/wp\/v2\/types\/product"}],"replies":[{"embeddable":true,"href":"https:\/\/brieger.ch\/fr\/wp-json\/wp\/v2\/comments?post=39489"}],"wp:featuredmedia":[{"embeddable":true,"href":"https:\/\/brieger.ch\/fr\/wp-json\/wp\/v2\/media\/33258"}],"wp:attachment":[{"href":"https:\/\/brieger.ch\/fr\/wp-json\/wp\/v2\/media?parent=39489"}],"wp:term":[{"taxonomy":"product_brand","embeddable":true,"href":"https:\/\/brieger.ch\/fr\/wp-json\/wp\/v2\/product_brand?post=39489"},{"taxonomy":"product_cat","embeddable":true,"href":"https:\/\/brieger.ch\/fr\/wp-json\/wp\/v2\/product_cat?post=39489"},{"taxonomy":"product_tag","embeddable":true,"href":"https:\/\/brieger.ch\/fr\/wp-json\/wp\/v2\/product_tag?post=39489"},{"taxonomy":"farbe","embeddable":true,"href":"https:\/\/brieger.ch\/fr\/wp-json\/wp\/v2\/farbe?post=39489"},{"taxonomy":"qualitaet","embeddable":true,"href":"https:\/\/brieger.ch\/fr\/wp-json\/wp\/v2\/qualitaet?post=39489"},{"taxonomy":"artikelart","embeddable":true,"href":"https:\/\/brieger.ch\/fr\/wp-json\/wp\/v2\/artikelart?post=39489"},{"taxonomy":"produktstatus","embeddable":true,"href":"https:\/\/brieger.ch\/fr\/wp-json\/wp\/v2\/produktstatus?post=39489"},{"taxonomy":"wellig","embeddable":true,"href":"https:\/\/brieger.ch\/fr\/wp-json\/wp\/v2\/wellig?post=39489"}],"curies":[{"name":"wp","href":"https:\/\/api.w.org\/{rel}","templated":true}]}}