{"id":39466,"date":"2020-07-31T13:17:37","date_gmt":"2020-07-31T13:12:34","guid":{"rendered":"https:\/\/brieger.hundert1.ch\/produkt\/61123\/"},"modified":"2026-03-30T07:57:14","modified_gmt":"2026-03-30T05:57:14","slug":"61123","status":"publish","type":"product","link":"https:\/\/brieger.ch\/fr\/product\/61123\/","title":{"rendered":"Bo\u00eete en carton 190 \u00d7 130 \u00d7 110 mm \u2013 Solution l\u00e9g\u00e8re pour petits produits"},"content":{"rendered":"<p>Avec un volume int\u00e9rieur et ext\u00e9rieur de 0,003 m\u00b3, cette caisse carton est id\u00e9ale pour l\u2019exp\u00e9dition ou le stockage de petits objets comme des pi\u00e8ces d\u00e9tach\u00e9es, des accessoires, des produits de beaut\u00e9 ou des composants \u00e9lectroniques. Elle est particuli\u00e8rement adapt\u00e9e aux besoins du commerce en ligne.<\/p>\n<p>Fabriqu\u00e9e en carton ondul\u00e9 brun \u00e0 1 cannelure, cette caisse en carton ne p\u00e8se que 88\u202fg \u2013 l\u00e9g\u00e8re, peu encombrante et robuste. Sa surface imprimable permet une personnalisation facile avec votre logo, vos mentions logistiques ou des marquages internes. Disponible \u00e0 partir de 25 unit\u00e9s et jusqu\u2019\u00e0 2500 pi\u00e8ces par palette.<\/p>\n<h3>Avantages &amp; Caract\u00e9ristiques<\/h3>\n<ul>\n<li>Dimensions : 190 \u00d7 130 \u00d7 110 mm<\/li>\n<li>Volume int\u00e9rieur \/ ext\u00e9rieur : 0,003 m\u00b3<\/li>\n<li>Poids net : 88\u202fg<\/li>\n<li>Structure \u00e0 1 cannelure \u2013 compacte et fiable<\/li>\n<li>\u00c9cologique \u2013 mat\u00e9riau recyclable<\/li>\n<li>Imprimable pour marquage personnalis\u00e9<\/li>\n<li>Commande minimale : 25 pi\u00e8ces<\/li>\n<li>Conditionnement : 25 pi\u00e8ces \/ Palette : 2500 pi\u00e8ces<\/li>\n<li>Parfaite pour petits produits ou accessoires<\/li>\n<\/ul>\n<h3>Usages pratiques<\/h3>\n<p>Cette bo\u00eete en carton est parfaitement adapt\u00e9e \u00e0 l\u2019exp\u00e9dition de petits articles tels que c\u00e2bles, soins cosm\u00e9tiques, pi\u00e8ces techniques ou objets promotionnels. Gr\u00e2ce \u00e0 son faible poids, elle r\u00e9duit les frais d\u2019envoi et facilite la gestion des stocks gr\u00e2ce \u00e0 sa bonne empilabilit\u00e9.<\/p>\n","protected":false},"excerpt":{"rendered":"<p>Boxes 1-cannelure brun<\/p>\n","protected":false},"featured_media":33258,"comment_status":"closed","ping_status":"closed","template":"","meta":{"_searchwp_excluded":""},"product_brand":[],"product_cat":[772,773],"product_tag":[],"farbe":[813],"qualitaet":[144],"artikelart":[840],"produktstatus":[],"wellig":[994],"class_list":{"0":"post-39466","1":"product","2":"type-product","3":"status-publish","4":"has-post-thumbnail","6":"product_cat-boxes","7":"product_cat-boxes-1-cannelure","8":"farbe-brun","9":"qualitaet-3-0-mm","10":"artikelart-boxes-1-cannelure-brun","11":"wellig-1-cannelure","13":"first","14":"instock","15":"taxable","16":"shipping-taxable","17":"purchasable","18":"product-type-simple"},"tiered_pricing_type":"fixed","tiered_pricing_fixed_rules":{"50":"1.24","100":"0.94","200":"0.76","500":"0.62","1000":"0.54","2500":"0.52"},"tiered_pricing_product_settings":{"layout":"default","base_unit_name":{"singular":null,"plural":null},"default_variation":null},"tiered_pricing_minimum_quantity":25,"tiered_pricing_roles_data":{"galenica-group":{"product_id":39466,"role":"galenica-group","pricing_type":"flat","regular_price":0.5,"sale_price":null,"discount":null,"discount_type":"sale_price","tiered_pricing_type":"fixed","percentage_rules":[],"fixed_rules":[],"minimum":25}},"tiered_pricing_percentage_rules":[],"tiered_pricing_maximum_quantity":null,"tiered_pricing_quantity_step":null,"_links":{"self":[{"href":"https:\/\/brieger.ch\/fr\/wp-json\/wp\/v2\/product\/39466","targetHints":{"allow":["GET"]}}],"collection":[{"href":"https:\/\/brieger.ch\/fr\/wp-json\/wp\/v2\/product"}],"about":[{"href":"https:\/\/brieger.ch\/fr\/wp-json\/wp\/v2\/types\/product"}],"replies":[{"embeddable":true,"href":"https:\/\/brieger.ch\/fr\/wp-json\/wp\/v2\/comments?post=39466"}],"wp:featuredmedia":[{"embeddable":true,"href":"https:\/\/brieger.ch\/fr\/wp-json\/wp\/v2\/media\/33258"}],"wp:attachment":[{"href":"https:\/\/brieger.ch\/fr\/wp-json\/wp\/v2\/media?parent=39466"}],"wp:term":[{"taxonomy":"product_brand","embeddable":true,"href":"https:\/\/brieger.ch\/fr\/wp-json\/wp\/v2\/product_brand?post=39466"},{"taxonomy":"product_cat","embeddable":true,"href":"https:\/\/brieger.ch\/fr\/wp-json\/wp\/v2\/product_cat?post=39466"},{"taxonomy":"product_tag","embeddable":true,"href":"https:\/\/brieger.ch\/fr\/wp-json\/wp\/v2\/product_tag?post=39466"},{"taxonomy":"farbe","embeddable":true,"href":"https:\/\/brieger.ch\/fr\/wp-json\/wp\/v2\/farbe?post=39466"},{"taxonomy":"qualitaet","embeddable":true,"href":"https:\/\/brieger.ch\/fr\/wp-json\/wp\/v2\/qualitaet?post=39466"},{"taxonomy":"artikelart","embeddable":true,"href":"https:\/\/brieger.ch\/fr\/wp-json\/wp\/v2\/artikelart?post=39466"},{"taxonomy":"produktstatus","embeddable":true,"href":"https:\/\/brieger.ch\/fr\/wp-json\/wp\/v2\/produktstatus?post=39466"},{"taxonomy":"wellig","embeddable":true,"href":"https:\/\/brieger.ch\/fr\/wp-json\/wp\/v2\/wellig?post=39466"}],"curies":[{"name":"wp","href":"https:\/\/api.w.org\/{rel}","templated":true}]}}