{"id":39427,"date":"2020-07-31T13:16:32","date_gmt":"2020-07-31T13:10:37","guid":{"rendered":"https:\/\/brieger.hundert1.ch\/produkt\/33426\/"},"modified":"2025-06-16T16:28:24","modified_gmt":"2025-06-16T14:28:24","slug":"33426","status":"publish","type":"product","link":"https:\/\/brieger.ch\/fr\/product\/33426\/","title":{"rendered":"Emballages d&#039;exp\u00e9dition postale pour bi\u00e8res brun"},"content":{"rendered":"<p>Emballages d&rsquo;exp\u00e9dition postale pour bi\u00e8res, brun, 6 bouteilles \u00e0 3.3 dl<\/p>\n","protected":false},"excerpt":{"rendered":"<p>Emballages d&rsquo;exp\u00e9dition postale pour bi\u00e8res, brun, 6 bouteilles \u00e0 3.3 dl, Bierpac<\/p>\n","protected":false},"featured_media":34631,"comment_status":"closed","ping_status":"closed","template":"","meta":{"_searchwp_excluded":""},"product_brand":[],"product_cat":[792,770],"product_tag":[],"farbe":[813],"qualitaet":[144],"artikelart":[920],"produktstatus":[],"wellig":[994],"class_list":{"0":"post-39427","1":"product","2":"type-product","3":"status-publish","4":"has-post-thumbnail","6":"product_cat-emballages-dexpedition-postale","7":"product_cat-emballages-pour-bieres","8":"farbe-brun","9":"qualitaet-3-0-mm","10":"artikelart-emballages-dexpedition-postale-pour-bieres","11":"wellig-1-cannelure","13":"first","14":"instock","15":"taxable","16":"shipping-taxable","17":"purchasable","18":"product-type-simple"},"tiered_pricing_type":"fixed","tiered_pricing_fixed_rules":{"50":"4.24","100":"3.52","200":"3.17","500":"3.04","1000":"3"},"tiered_pricing_product_settings":{"layout":"default","base_unit_name":{"singular":null,"plural":null},"default_variation":null},"tiered_pricing_minimum_quantity":25,"tiered_pricing_roles_data":{"galenica-group":{"product_id":39427,"role":"galenica-group","pricing_type":"flat","regular_price":2.47,"sale_price":null,"discount":null,"discount_type":"sale_price","tiered_pricing_type":"fixed","percentage_rules":[],"fixed_rules":[],"minimum":25}},"tiered_pricing_percentage_rules":[],"tiered_pricing_maximum_quantity":null,"tiered_pricing_quantity_step":null,"_links":{"self":[{"href":"https:\/\/brieger.ch\/fr\/wp-json\/wp\/v2\/product\/39427","targetHints":{"allow":["GET"]}}],"collection":[{"href":"https:\/\/brieger.ch\/fr\/wp-json\/wp\/v2\/product"}],"about":[{"href":"https:\/\/brieger.ch\/fr\/wp-json\/wp\/v2\/types\/product"}],"replies":[{"embeddable":true,"href":"https:\/\/brieger.ch\/fr\/wp-json\/wp\/v2\/comments?post=39427"}],"wp:featuredmedia":[{"embeddable":true,"href":"https:\/\/brieger.ch\/fr\/wp-json\/wp\/v2\/media\/34631"}],"wp:attachment":[{"href":"https:\/\/brieger.ch\/fr\/wp-json\/wp\/v2\/media?parent=39427"}],"wp:term":[{"taxonomy":"product_brand","embeddable":true,"href":"https:\/\/brieger.ch\/fr\/wp-json\/wp\/v2\/product_brand?post=39427"},{"taxonomy":"product_cat","embeddable":true,"href":"https:\/\/brieger.ch\/fr\/wp-json\/wp\/v2\/product_cat?post=39427"},{"taxonomy":"product_tag","embeddable":true,"href":"https:\/\/brieger.ch\/fr\/wp-json\/wp\/v2\/product_tag?post=39427"},{"taxonomy":"farbe","embeddable":true,"href":"https:\/\/brieger.ch\/fr\/wp-json\/wp\/v2\/farbe?post=39427"},{"taxonomy":"qualitaet","embeddable":true,"href":"https:\/\/brieger.ch\/fr\/wp-json\/wp\/v2\/qualitaet?post=39427"},{"taxonomy":"artikelart","embeddable":true,"href":"https:\/\/brieger.ch\/fr\/wp-json\/wp\/v2\/artikelart?post=39427"},{"taxonomy":"produktstatus","embeddable":true,"href":"https:\/\/brieger.ch\/fr\/wp-json\/wp\/v2\/produktstatus?post=39427"},{"taxonomy":"wellig","embeddable":true,"href":"https:\/\/brieger.ch\/fr\/wp-json\/wp\/v2\/wellig?post=39427"}],"curies":[{"name":"wp","href":"https:\/\/api.w.org\/{rel}","templated":true}]}}