{"id":39410,"date":"2020-07-31T13:16:03","date_gmt":"2020-07-31T13:09:22","guid":{"rendered":"https:\/\/brieger.hundert1.ch\/produkt\/74211\/"},"modified":"2025-06-16T16:28:09","modified_gmt":"2025-06-16T14:28:09","slug":"74211","status":"publish","type":"product","link":"https:\/\/brieger.ch\/fr\/product\/74211\/","title":{"rendered":"Sachets \u00e0 bulles d&#039;air non antistatique transparent"},"content":{"rendered":"<p>Sachets \u00e0 bulles d&rsquo;air non antistatique, Dimension 300 x 210 mm adapt\u00e9 aux enveloppes B4, Quantit\u00e9 de vente: 1 pi\u00e8ce = 100 sachets<\/p>\n","protected":false},"excerpt":{"rendered":"<p>Sachets \u00e0 bulles d&rsquo;air non antistatique<\/p>\n","protected":false},"featured_media":33224,"comment_status":"closed","ping_status":"closed","template":"","meta":{"_searchwp_excluded":""},"product_brand":[],"product_cat":[769],"product_tag":[],"farbe":[823],"qualitaet":[],"artikelart":[838],"produktstatus":[],"wellig":[],"class_list":{"0":"post-39410","1":"product","2":"type-product","3":"status-publish","4":"has-post-thumbnail","6":"product_cat-sachets","7":"farbe-transparent-fr","8":"artikelart-sachets-a-bulles-dair-non-antistatique","10":"first","11":"instock","12":"taxable","13":"shipping-taxable","14":"purchasable","15":"product-type-simple"},"tiered_pricing_type":"fixed","tiered_pricing_fixed_rules":{"2":"48.24","5":"35.4","10":"29.11","20":"27.68"},"tiered_pricing_product_settings":{"layout":"default","base_unit_name":{"singular":null,"plural":null},"default_variation":null},"tiered_pricing_minimum_quantity":null,"tiered_pricing_roles_data":{"galenica-group":{"product_id":39410,"role":"galenica-group","pricing_type":"flat","regular_price":23.53,"sale_price":null,"discount":null,"discount_type":"sale_price","tiered_pricing_type":"fixed","percentage_rules":[],"fixed_rules":[],"minimum":null}},"tiered_pricing_percentage_rules":[],"tiered_pricing_maximum_quantity":null,"tiered_pricing_quantity_step":null,"_links":{"self":[{"href":"https:\/\/brieger.ch\/fr\/wp-json\/wp\/v2\/product\/39410","targetHints":{"allow":["GET"]}}],"collection":[{"href":"https:\/\/brieger.ch\/fr\/wp-json\/wp\/v2\/product"}],"about":[{"href":"https:\/\/brieger.ch\/fr\/wp-json\/wp\/v2\/types\/product"}],"replies":[{"embeddable":true,"href":"https:\/\/brieger.ch\/fr\/wp-json\/wp\/v2\/comments?post=39410"}],"wp:featuredmedia":[{"embeddable":true,"href":"https:\/\/brieger.ch\/fr\/wp-json\/wp\/v2\/media\/33224"}],"wp:attachment":[{"href":"https:\/\/brieger.ch\/fr\/wp-json\/wp\/v2\/media?parent=39410"}],"wp:term":[{"taxonomy":"product_brand","embeddable":true,"href":"https:\/\/brieger.ch\/fr\/wp-json\/wp\/v2\/product_brand?post=39410"},{"taxonomy":"product_cat","embeddable":true,"href":"https:\/\/brieger.ch\/fr\/wp-json\/wp\/v2\/product_cat?post=39410"},{"taxonomy":"product_tag","embeddable":true,"href":"https:\/\/brieger.ch\/fr\/wp-json\/wp\/v2\/product_tag?post=39410"},{"taxonomy":"farbe","embeddable":true,"href":"https:\/\/brieger.ch\/fr\/wp-json\/wp\/v2\/farbe?post=39410"},{"taxonomy":"qualitaet","embeddable":true,"href":"https:\/\/brieger.ch\/fr\/wp-json\/wp\/v2\/qualitaet?post=39410"},{"taxonomy":"artikelart","embeddable":true,"href":"https:\/\/brieger.ch\/fr\/wp-json\/wp\/v2\/artikelart?post=39410"},{"taxonomy":"produktstatus","embeddable":true,"href":"https:\/\/brieger.ch\/fr\/wp-json\/wp\/v2\/produktstatus?post=39410"},{"taxonomy":"wellig","embeddable":true,"href":"https:\/\/brieger.ch\/fr\/wp-json\/wp\/v2\/wellig?post=39410"}],"curies":[{"name":"wp","href":"https:\/\/api.w.org\/{rel}","templated":true}]}}