{"id":109264,"date":"2026-03-25T08:22:47","date_gmt":"2026-03-25T07:22:48","guid":{"rendered":"https:\/\/brieger.ch\/?post_type=product&#038;p=109264"},"modified":"2026-03-26T10:22:35","modified_gmt":"2026-03-26T09:22:35","slug":"enveloppe-en-papier-matelasse-brun-arofair-55369","status":"publish","type":"product","link":"https:\/\/brieger.ch\/fr\/product\/enveloppe-en-papier-matelasse-brun-arofair-55369\/","title":{"rendered":"Enveloppe en papier matelass\u00e9 brun, aroFAIR\u00ae"},"content":{"rendered":"<p>Enveloppe en papier matelass\u00e9 brun, aroFAIR\u00ae, Dimension exterieur\u00a0 370 x 480 mm, dimension interieur 340 x 475 mm, Sacs fabriqu\u00e9s \u00e0 partir de mat\u00e9riaux 100 % recycl\u00e9s, doublure en flocons de papier, mod\u00e8le 3C,<\/p>\n","protected":false},"excerpt":{"rendered":"<p>Enveloppe en papier matelass\u00e9 brun, aroFAIR\u00ae, Dimension exterieur\u00a0 370 x 480 mm, dimension interieur 340 x 475 mm, Sacs fabriqu\u00e9s \u00e0 partir de mat\u00e9riaux 100 % recycl\u00e9s, doublure en flocons de papier, mod\u00e8le 3C,<\/p>\n","protected":false},"featured_media":109190,"comment_status":"closed","ping_status":"closed","template":"","meta":{"_searchwp_excluded":""},"product_brand":[],"product_cat":[1186],"product_tag":[],"farbe":[813],"qualitaet":[],"artikelart":[936],"produktstatus":[415],"wellig":[],"class_list":{"0":"post-109264","1":"product","2":"type-product","3":"status-publish","4":"has-post-thumbnail","6":"product_cat-enveloppes-en-papier","7":"farbe-brun","8":"artikelart-enveloppe-en-papier-matelasse-arofair","9":"produktstatus-neu","11":"first","12":"instock","13":"taxable","14":"shipping-taxable","15":"purchasable","16":"product-type-simple"},"tiered_pricing_type":"fixed","tiered_pricing_fixed_rules":{"100":"1.27","200":"1.02","400":"0.97","1200":"0.82"},"tiered_pricing_product_settings":{"layout":"default","base_unit_name":{"singular":null,"plural":null},"default_variation":null},"tiered_pricing_minimum_quantity":50,"tiered_pricing_roles_data":{"galenica-group":{"product_id":109264,"role":"galenica-group","pricing_type":"flat","regular_price":0.39,"sale_price":null,"discount":null,"discount_type":"sale_price","tiered_pricing_type":"fixed","percentage_rules":[],"fixed_rules":[],"minimum":50}},"tiered_pricing_percentage_rules":[],"tiered_pricing_maximum_quantity":null,"tiered_pricing_quantity_step":null,"_links":{"self":[{"href":"https:\/\/brieger.ch\/fr\/wp-json\/wp\/v2\/product\/109264","targetHints":{"allow":["GET"]}}],"collection":[{"href":"https:\/\/brieger.ch\/fr\/wp-json\/wp\/v2\/product"}],"about":[{"href":"https:\/\/brieger.ch\/fr\/wp-json\/wp\/v2\/types\/product"}],"replies":[{"embeddable":true,"href":"https:\/\/brieger.ch\/fr\/wp-json\/wp\/v2\/comments?post=109264"}],"wp:featuredmedia":[{"embeddable":true,"href":"https:\/\/brieger.ch\/fr\/wp-json\/wp\/v2\/media\/109190"}],"wp:attachment":[{"href":"https:\/\/brieger.ch\/fr\/wp-json\/wp\/v2\/media?parent=109264"}],"wp:term":[{"taxonomy":"product_brand","embeddable":true,"href":"https:\/\/brieger.ch\/fr\/wp-json\/wp\/v2\/product_brand?post=109264"},{"taxonomy":"product_cat","embeddable":true,"href":"https:\/\/brieger.ch\/fr\/wp-json\/wp\/v2\/product_cat?post=109264"},{"taxonomy":"product_tag","embeddable":true,"href":"https:\/\/brieger.ch\/fr\/wp-json\/wp\/v2\/product_tag?post=109264"},{"taxonomy":"farbe","embeddable":true,"href":"https:\/\/brieger.ch\/fr\/wp-json\/wp\/v2\/farbe?post=109264"},{"taxonomy":"qualitaet","embeddable":true,"href":"https:\/\/brieger.ch\/fr\/wp-json\/wp\/v2\/qualitaet?post=109264"},{"taxonomy":"artikelart","embeddable":true,"href":"https:\/\/brieger.ch\/fr\/wp-json\/wp\/v2\/artikelart?post=109264"},{"taxonomy":"produktstatus","embeddable":true,"href":"https:\/\/brieger.ch\/fr\/wp-json\/wp\/v2\/produktstatus?post=109264"},{"taxonomy":"wellig","embeddable":true,"href":"https:\/\/brieger.ch\/fr\/wp-json\/wp\/v2\/wellig?post=109264"}],"curies":[{"name":"wp","href":"https:\/\/api.w.org\/{rel}","templated":true}]}}