{"id":109237,"date":"2026-03-24T15:05:44","date_gmt":"2026-03-24T14:05:45","guid":{"rendered":"https:\/\/brieger.ch\/?post_type=product&#038;p=109237"},"modified":"2026-03-26T09:54:37","modified_gmt":"2026-03-26T08:54:37","slug":"enveloppe-en-papier-matelasse-brun-arofair-kopie-2","status":"publish","type":"product","link":"https:\/\/brieger.ch\/fr\/product\/enveloppe-en-papier-matelasse-brun-arofair-kopie-2\/","title":{"rendered":"Enveloppe en papier matelass\u00e9 brun, aroFAIR\u00ae"},"content":{"rendered":"<p>Enveloppe en papier matelass\u00e9 brun, aroFAIR\u00ae, Dimension exterieur 250 x 350 mm, dimension interieur 220 x 345, Sacs fabriqu\u00e9s \u00e0 partir de mat\u00e9riaux 100 % recycl\u00e9s, doublure en flocons de papier, mod\u00e8le\u00a07\/G,<\/p>\n","protected":false},"excerpt":{"rendered":"<p>Enveloppe en papier matelass\u00e9 brun, aroFAIR\u00ae, Dimension exterieur 250 x 350 mm, dimension interieur 220 x 345, Sacs fabriqu\u00e9s \u00e0 partir de mat\u00e9riaux 100 % recycl\u00e9s, doublure en flocons de papier, mod\u00e8le\u00a07\/G,<\/p>\n","protected":false},"featured_media":109190,"comment_status":"closed","ping_status":"closed","template":"","meta":{"_searchwp_excluded":""},"product_brand":[],"product_cat":[1186],"product_tag":[],"farbe":[813],"qualitaet":[],"artikelart":[936],"produktstatus":[415],"wellig":[],"class_list":{"0":"post-109237","1":"product","2":"type-product","3":"status-publish","4":"has-post-thumbnail","6":"product_cat-enveloppes-en-papier","7":"farbe-brun","8":"artikelart-enveloppe-en-papier-matelasse-arofair","9":"produktstatus-neu","11":"first","12":"instock","13":"taxable","14":"shipping-taxable","15":"purchasable","16":"product-type-simple"},"tiered_pricing_type":"fixed","tiered_pricing_fixed_rules":{"200":"0.65","500":"0.52","1000":"0.43"},"tiered_pricing_product_settings":{"layout":"default","base_unit_name":{"singular":null,"plural":null},"default_variation":null},"tiered_pricing_minimum_quantity":100,"tiered_pricing_roles_data":{"galenica-group":{"product_id":109237,"role":"galenica-group","pricing_type":"flat","regular_price":0.39,"sale_price":null,"discount":null,"discount_type":"sale_price","tiered_pricing_type":"fixed","percentage_rules":[],"fixed_rules":[],"minimum":50}},"tiered_pricing_percentage_rules":[],"tiered_pricing_maximum_quantity":null,"tiered_pricing_quantity_step":null,"_links":{"self":[{"href":"https:\/\/brieger.ch\/fr\/wp-json\/wp\/v2\/product\/109237","targetHints":{"allow":["GET"]}}],"collection":[{"href":"https:\/\/brieger.ch\/fr\/wp-json\/wp\/v2\/product"}],"about":[{"href":"https:\/\/brieger.ch\/fr\/wp-json\/wp\/v2\/types\/product"}],"replies":[{"embeddable":true,"href":"https:\/\/brieger.ch\/fr\/wp-json\/wp\/v2\/comments?post=109237"}],"wp:featuredmedia":[{"embeddable":true,"href":"https:\/\/brieger.ch\/fr\/wp-json\/wp\/v2\/media\/109190"}],"wp:attachment":[{"href":"https:\/\/brieger.ch\/fr\/wp-json\/wp\/v2\/media?parent=109237"}],"wp:term":[{"taxonomy":"product_brand","embeddable":true,"href":"https:\/\/brieger.ch\/fr\/wp-json\/wp\/v2\/product_brand?post=109237"},{"taxonomy":"product_cat","embeddable":true,"href":"https:\/\/brieger.ch\/fr\/wp-json\/wp\/v2\/product_cat?post=109237"},{"taxonomy":"product_tag","embeddable":true,"href":"https:\/\/brieger.ch\/fr\/wp-json\/wp\/v2\/product_tag?post=109237"},{"taxonomy":"farbe","embeddable":true,"href":"https:\/\/brieger.ch\/fr\/wp-json\/wp\/v2\/farbe?post=109237"},{"taxonomy":"qualitaet","embeddable":true,"href":"https:\/\/brieger.ch\/fr\/wp-json\/wp\/v2\/qualitaet?post=109237"},{"taxonomy":"artikelart","embeddable":true,"href":"https:\/\/brieger.ch\/fr\/wp-json\/wp\/v2\/artikelart?post=109237"},{"taxonomy":"produktstatus","embeddable":true,"href":"https:\/\/brieger.ch\/fr\/wp-json\/wp\/v2\/produktstatus?post=109237"},{"taxonomy":"wellig","embeddable":true,"href":"https:\/\/brieger.ch\/fr\/wp-json\/wp\/v2\/wellig?post=109237"}],"curies":[{"name":"wp","href":"https:\/\/api.w.org\/{rel}","templated":true}]}}