{"id":109063,"date":"2026-03-19T09:34:17","date_gmt":"2026-03-19T08:34:18","guid":{"rendered":"https:\/\/brieger.ch\/?post_type=product&#038;p=109063"},"modified":"2026-04-16T16:24:23","modified_gmt":"2026-04-16T14:24:23","slug":"recycold-ccoussins-refrigerants","status":"publish","type":"product","link":"https:\/\/brieger.ch\/fr\/product\/recycold-ccoussins-refrigerants\/","title":{"rendered":"Coussins r\u00e9frig\u00e9rants RecyCold"},"content":{"rendered":"<p>Emballage Thermique,\u00a0 RecyCold Coussins r\u00e9frig\u00e9rants, RecyCold, 240 x 150 x 35 mm, 600 grammes, brun, tray de 24 pi\u00e8ces, Palette de 1056 pi\u00e8ces, Maintient le contenu au frais jusqu&rsquo;\u00e0 30 heures<\/p>\n","protected":false},"excerpt":{"rendered":"<p>Emballage Thermique,\u00a0 RecyCold Coussins r\u00e9frig\u00e9rants, RecyCold, 240 x 150 x 35 mm, 600 grammes, brun, tray de 24 pi\u00e8ces, Palette de 1056 pi\u00e8ce<\/p>\n","protected":false},"featured_media":106984,"comment_status":"closed","ping_status":"closed","template":"","meta":{"_searchwp_excluded":""},"product_brand":[],"product_cat":[1273,1255],"product_tag":[],"farbe":[813],"qualitaet":[],"artikelart":[837],"produktstatus":[415],"wellig":[],"class_list":{"0":"post-109063","1":"product","2":"type-product","3":"status-publish","4":"has-post-thumbnail","6":"product_cat-emballage-isotherme","7":"product_cat-gastro-fr","8":"farbe-brun","9":"artikelart-gastro-emballage-isotherme","10":"produktstatus-neu","12":"first","13":"instock","14":"taxable","15":"shipping-taxable","16":"purchasable","17":"product-type-simple"},"tiered_pricing_type":"fixed","tiered_pricing_fixed_rules":{"48":"1.41","96":"1.25","240":"1.12"},"tiered_pricing_product_settings":{"layout":"default","base_unit_name":{"singular":null,"plural":null},"default_variation":null},"tiered_pricing_minimum_quantity":24,"tiered_pricing_roles_data":{"galenica-group":{"product_id":109063,"role":"galenica-group","pricing_type":"flat","regular_price":1.49,"sale_price":null,"discount":null,"discount_type":"sale_price","tiered_pricing_type":"fixed","percentage_rules":[],"fixed_rules":[],"minimum":25}},"tiered_pricing_percentage_rules":[],"tiered_pricing_maximum_quantity":null,"tiered_pricing_quantity_step":null,"_links":{"self":[{"href":"https:\/\/brieger.ch\/fr\/wp-json\/wp\/v2\/product\/109063","targetHints":{"allow":["GET"]}}],"collection":[{"href":"https:\/\/brieger.ch\/fr\/wp-json\/wp\/v2\/product"}],"about":[{"href":"https:\/\/brieger.ch\/fr\/wp-json\/wp\/v2\/types\/product"}],"replies":[{"embeddable":true,"href":"https:\/\/brieger.ch\/fr\/wp-json\/wp\/v2\/comments?post=109063"}],"wp:featuredmedia":[{"embeddable":true,"href":"https:\/\/brieger.ch\/fr\/wp-json\/wp\/v2\/media\/106984"}],"wp:attachment":[{"href":"https:\/\/brieger.ch\/fr\/wp-json\/wp\/v2\/media?parent=109063"}],"wp:term":[{"taxonomy":"product_brand","embeddable":true,"href":"https:\/\/brieger.ch\/fr\/wp-json\/wp\/v2\/product_brand?post=109063"},{"taxonomy":"product_cat","embeddable":true,"href":"https:\/\/brieger.ch\/fr\/wp-json\/wp\/v2\/product_cat?post=109063"},{"taxonomy":"product_tag","embeddable":true,"href":"https:\/\/brieger.ch\/fr\/wp-json\/wp\/v2\/product_tag?post=109063"},{"taxonomy":"farbe","embeddable":true,"href":"https:\/\/brieger.ch\/fr\/wp-json\/wp\/v2\/farbe?post=109063"},{"taxonomy":"qualitaet","embeddable":true,"href":"https:\/\/brieger.ch\/fr\/wp-json\/wp\/v2\/qualitaet?post=109063"},{"taxonomy":"artikelart","embeddable":true,"href":"https:\/\/brieger.ch\/fr\/wp-json\/wp\/v2\/artikelart?post=109063"},{"taxonomy":"produktstatus","embeddable":true,"href":"https:\/\/brieger.ch\/fr\/wp-json\/wp\/v2\/produktstatus?post=109063"},{"taxonomy":"wellig","embeddable":true,"href":"https:\/\/brieger.ch\/fr\/wp-json\/wp\/v2\/wellig?post=109063"}],"curies":[{"name":"wp","href":"https:\/\/api.w.org\/{rel}","templated":true}]}}