{"id":100138,"date":"2025-06-05T16:10:09","date_gmt":"2025-06-05T14:10:10","guid":{"rendered":"https:\/\/brieger.ch\/?post_type=product&#038;p=100138"},"modified":"2025-06-17T11:31:11","modified_gmt":"2025-06-17T09:31:11","slug":"84216","status":"publish","type":"product","link":"https:\/\/brieger.ch\/fr\/product\/84216\/","title":{"rendered":"84216"},"content":{"rendered":"<p>Mat\u00e9riel de remplissage Bio-Pelaspan, biolog. d\u00e9gradable \u00e0 100%, Volumes en l 500, dimension du sac env. 700 x 700 x 1300 mm<\/p>\n","protected":false},"excerpt":{"rendered":"<p>Mat\u00e9riel de remplissage Bio-Pelaspan, biolog. d\u00e9gradable \u00e0 100%, Volumes en l 500, dimension du sac env. 700 x 700 x 1300 mm<\/p>\n","protected":false},"featured_media":100444,"comment_status":"closed","ping_status":"closed","template":"","meta":{"_searchwp_excluded":""},"product_brand":[],"product_cat":[780],"product_tag":[],"farbe":[],"qualitaet":[],"artikelart":[859],"produktstatus":[],"wellig":[],"class_list":{"0":"post-100138","1":"product","2":"type-product","3":"status-publish","4":"has-post-thumbnail","6":"product_cat-materiel-de-remplissage-et-de-rembourrage","7":"artikelart-materiel-de-remplissage-eco-foam","9":"first","10":"instock","11":"taxable","12":"shipping-taxable","13":"purchasable","14":"product-type-simple"},"tiered_pricing_type":"fixed","tiered_pricing_fixed_rules":{"2":"100","5":"86.96","10":"69.56"},"tiered_pricing_product_settings":{"layout":"default","base_unit_name":{"singular":null,"plural":null},"default_variation":null},"tiered_pricing_minimum_quantity":null,"tiered_pricing_roles_data":{"galenica-group":{"product_id":100138,"role":"galenica-group","pricing_type":"flat","regular_price":59.13,"sale_price":null,"discount":null,"discount_type":"sale_price","tiered_pricing_type":"fixed","percentage_rules":[],"fixed_rules":[],"minimum":null}},"tiered_pricing_percentage_rules":[],"tiered_pricing_maximum_quantity":null,"tiered_pricing_quantity_step":null,"_links":{"self":[{"href":"https:\/\/brieger.ch\/fr\/wp-json\/wp\/v2\/product\/100138","targetHints":{"allow":["GET"]}}],"collection":[{"href":"https:\/\/brieger.ch\/fr\/wp-json\/wp\/v2\/product"}],"about":[{"href":"https:\/\/brieger.ch\/fr\/wp-json\/wp\/v2\/types\/product"}],"replies":[{"embeddable":true,"href":"https:\/\/brieger.ch\/fr\/wp-json\/wp\/v2\/comments?post=100138"}],"wp:featuredmedia":[{"embeddable":true,"href":"https:\/\/brieger.ch\/fr\/wp-json\/wp\/v2\/media\/100444"}],"wp:attachment":[{"href":"https:\/\/brieger.ch\/fr\/wp-json\/wp\/v2\/media?parent=100138"}],"wp:term":[{"taxonomy":"product_brand","embeddable":true,"href":"https:\/\/brieger.ch\/fr\/wp-json\/wp\/v2\/product_brand?post=100138"},{"taxonomy":"product_cat","embeddable":true,"href":"https:\/\/brieger.ch\/fr\/wp-json\/wp\/v2\/product_cat?post=100138"},{"taxonomy":"product_tag","embeddable":true,"href":"https:\/\/brieger.ch\/fr\/wp-json\/wp\/v2\/product_tag?post=100138"},{"taxonomy":"farbe","embeddable":true,"href":"https:\/\/brieger.ch\/fr\/wp-json\/wp\/v2\/farbe?post=100138"},{"taxonomy":"qualitaet","embeddable":true,"href":"https:\/\/brieger.ch\/fr\/wp-json\/wp\/v2\/qualitaet?post=100138"},{"taxonomy":"artikelart","embeddable":true,"href":"https:\/\/brieger.ch\/fr\/wp-json\/wp\/v2\/artikelart?post=100138"},{"taxonomy":"produktstatus","embeddable":true,"href":"https:\/\/brieger.ch\/fr\/wp-json\/wp\/v2\/produktstatus?post=100138"},{"taxonomy":"wellig","embeddable":true,"href":"https:\/\/brieger.ch\/fr\/wp-json\/wp\/v2\/wellig?post=100138"}],"curies":[{"name":"wp","href":"https:\/\/api.w.org\/{rel}","templated":true}]}}