{"id":40820,"date":"2020-08-18T09:28:22","date_gmt":"2020-08-18T07:28:22","guid":{"rendered":"https:\/\/brieger.hundert1.ch\/clients-et-idees\/"},"modified":"2026-03-10T09:41:44","modified_gmt":"2026-03-10T08:41:44","slug":"clients-et-idees","status":"publish","type":"page","link":"https:\/\/brieger.ch\/fr\/clients-et-idees\/","title":{"rendered":"Projets et id\u00e9es inspir\u00e9es de nos clients"},"content":{"rendered":"<p><div class=\"fusion-fullwidth fullwidth-box fusion-builder-row-1 nonhundred-percent-fullwidth non-hundred-percent-height-scrolling\" style=\"--awb-border-radius-top-left:0px;--awb-border-radius-top-right:0px;--awb-border-radius-bottom-right:0px;--awb-border-radius-bottom-left:0px;--awb-flex-wrap:wrap;\" ><div class=\"fusion-builder-row fusion-row\"><div class=\"fusion-layout-column fusion_builder_column fusion-builder-column-0 fusion_builder_column_1_1 1_1 fusion-one-full fusion-column-first fusion-column-last\" style=\"--awb-bg-size:cover;\"><div class=\"fusion-column-wrapper fusion-column-has-shadow fusion-flex-column-wrapper-legacy\"><div class=\"fusion-text fusion-text-1\"><p>Tendances<br \/>\ndu <a href=\"https:\/\/brieger.ch\/fr\/downloads\/\">EnVogue 1\/20<\/a><\/p>\n<\/div><div class=\"fusion-clearfix\"><\/div><\/div><\/div><\/div><\/div><div class=\"fusion-fullwidth fullwidth-box fusion-builder-row-2 nonhundred-percent-fullwidth non-hundred-percent-height-scrolling\" style=\"--awb-border-radius-top-left:0px;--awb-border-radius-top-right:0px;--awb-border-radius-bottom-right:0px;--awb-border-radius-bottom-left:0px;--awb-margin-bottom:50px;--awb-flex-wrap:wrap;\" ><div class=\"fusion-builder-row fusion-row\"><div class=\"fusion-layout-column fusion_builder_column fusion-builder-column-1 fusion_builder_column_1_2 1_2 fusion-one-half fusion-column-first\" style=\"--awb-bg-size:cover;width:50%;width:calc(50% - ( ( 4% ) * 0.5 ) );margin-right: 4%;\"><div class=\"fusion-column-wrapper fusion-column-has-shadow fusion-flex-column-wrapper-legacy\"><div class=\"fusion-image-element in-legacy-container\" style=\"--awb-caption-title-font-family:var(--h2_typography-font-family);--awb-caption-title-font-weight:var(--h2_typography-font-weight);--awb-caption-title-font-style:var(--h2_typography-font-style);--awb-caption-title-size:var(--h2_typography-font-size);--awb-caption-title-transform:var(--h2_typography-text-transform);--awb-caption-title-line-height:var(--h2_typography-line-height);--awb-caption-title-letter-spacing:var(--h2_typography-letter-spacing);\"><span class=\" fusion-imageframe imageframe-none imageframe-1 hover-type-none\"><img decoding=\"async\" width=\"351\" height=\"257\" title=\"Eico-frigemo\" src=\"https:\/\/brieger.ch\/wp-content\/uploads\/2020\/05\/Eico-frigemo.jpg\" alt class=\"img-responsive wp-image-35415\" srcset=\"https:\/\/brieger.ch\/wp-content\/uploads\/2020\/05\/Eico-frigemo-200x146.jpg 200w, https:\/\/brieger.ch\/wp-content\/uploads\/2020\/05\/Eico-frigemo.jpg 351w\" sizes=\"(max-width: 800px) 100vw, 351px\" \/><\/span><\/div><div class=\"fusion-sep-clear\"><\/div><div class=\"fusion-separator fusion-full-width-sep\" style=\"margin-left: auto;margin-right: auto;margin-top:15px;margin-bottom:20px;width:100%;\"><\/div><div class=\"fusion-sep-clear\"><\/div><div class=\"fusion-text fusion-text-2\"><p><strong>EICO FRIGEMO AG<\/strong><br \/>\nEn collaboration avec notre client, nous avons d\u00e9velopp\u00e9 un emballage d&rsquo;\u0153ufs en carton dans le but de remplacer l&rsquo;actuelle coquille en plastique. Le plateau en 4 parties est utilis\u00e9 par le client final Coop pour les \u0153ufs biologiques cuits. L&#8217;emballage en cannelure E d\u00e9coup\u00e9e et coll\u00e9e a \u00e9t\u00e9 imprim\u00e9 en flexographie en quadrichromie. Les \u0153ufs sont emball\u00e9s \u00e0 la main par le client.<\/p>\n<\/div><div class=\"fusion-clearfix\"><\/div><\/div><\/div><div class=\"fusion-layout-column fusion_builder_column fusion-builder-column-2 fusion_builder_column_1_2 1_2 fusion-one-half fusion-column-last\" style=\"--awb-bg-size:cover;width:50%;width:calc(50% - ( ( 4% ) * 0.5 ) );\"><div class=\"fusion-column-wrapper fusion-column-has-shadow fusion-flex-column-wrapper-legacy\"><div class=\"fusion-image-element in-legacy-container\" style=\"--awb-caption-title-font-family:var(--h2_typography-font-family);--awb-caption-title-font-weight:var(--h2_typography-font-weight);--awb-caption-title-font-style:var(--h2_typography-font-style);--awb-caption-title-size:var(--h2_typography-font-size);--awb-caption-title-transform:var(--h2_typography-text-transform);--awb-caption-title-line-height:var(--h2_typography-line-height);--awb-caption-title-letter-spacing:var(--h2_typography-letter-spacing);\"><span class=\" fusion-imageframe imageframe-none imageframe-2 hover-type-none\"><img decoding=\"async\" width=\"351\" height=\"257\" title=\"schilliger\" src=\"https:\/\/brieger.ch\/wp-content\/uploads\/2020\/05\/schilliger.jpg\" alt class=\"img-responsive wp-image-35435\" srcset=\"https:\/\/brieger.ch\/wp-content\/uploads\/2020\/05\/schilliger-200x146.jpg 200w, https:\/\/brieger.ch\/wp-content\/uploads\/2020\/05\/schilliger.jpg 351w\" sizes=\"(max-width: 800px) 100vw, 351px\" \/><\/span><\/div><div class=\"fusion-sep-clear\"><\/div><div class=\"fusion-separator fusion-full-width-sep\" style=\"margin-left: auto;margin-right: auto;margin-top:15px;margin-bottom:20px;width:100%;\"><\/div><div class=\"fusion-sep-clear\"><\/div><div class=\"fusion-text fusion-text-3\"><p><strong>SCHILLIGER<\/strong><br \/>\nLe printemps est d\u00e9j\u00e0 l\u00e0 et nous donne envie d&rsquo;acheter toutes sortes de plantes pour d\u00e9corer l&rsquo;ext\u00e9rieur et le jardin.<br \/>\nbelle. Pour faciliter le transport des plantes, Schilliger fournit ce plateau en carton brun. Le logo vert est imprim\u00e9 selon un proc\u00e9d\u00e9 flexographique.<\/p>\n<\/div><div class=\"fusion-clearfix\"><\/div><\/div><\/div><\/div><\/div><div class=\"fusion-fullwidth fullwidth-box fusion-builder-row-3 nonhundred-percent-fullwidth non-hundred-percent-height-scrolling\" style=\"--awb-border-radius-top-left:0px;--awb-border-radius-top-right:0px;--awb-border-radius-bottom-right:0px;--awb-border-radius-bottom-left:0px;--awb-margin-bottom:50px;--awb-flex-wrap:wrap;\" ><div class=\"fusion-builder-row fusion-row\"><div class=\"fusion-layout-column fusion_builder_column fusion-builder-column-3 fusion_builder_column_1_2 1_2 fusion-one-half fusion-column-first\" style=\"--awb-bg-size:cover;width:50%;width:calc(50% - ( ( 4% ) * 0.5 ) );margin-right: 4%;\"><div class=\"fusion-column-wrapper fusion-column-has-shadow fusion-flex-column-wrapper-legacy\"><div class=\"fusion-image-element in-legacy-container\" style=\"--awb-caption-title-font-family:var(--h2_typography-font-family);--awb-caption-title-font-weight:var(--h2_typography-font-weight);--awb-caption-title-font-style:var(--h2_typography-font-style);--awb-caption-title-size:var(--h2_typography-font-size);--awb-caption-title-transform:var(--h2_typography-text-transform);--awb-caption-title-line-height:var(--h2_typography-line-height);--awb-caption-title-letter-spacing:var(--h2_typography-letter-spacing);\"><span class=\" fusion-imageframe imageframe-none imageframe-3 hover-type-none\"><img decoding=\"async\" width=\"464\" height=\"225\" title=\"smart-cake\" src=\"https:\/\/brieger.ch\/wp-content\/uploads\/2020\/05\/smart-cake-1.jpg\" alt class=\"img-responsive wp-image-35438\" srcset=\"https:\/\/brieger.ch\/wp-content\/uploads\/2020\/05\/smart-cake-1-200x97.jpg 200w, https:\/\/brieger.ch\/wp-content\/uploads\/2020\/05\/smart-cake-1-400x194.jpg 400w, https:\/\/brieger.ch\/wp-content\/uploads\/2020\/05\/smart-cake-1.jpg 464w\" sizes=\"(max-width: 800px) 100vw, 464px\" \/><\/span><\/div><div class=\"fusion-sep-clear\"><\/div><div class=\"fusion-separator fusion-full-width-sep\" style=\"margin-left: auto;margin-right: auto;margin-top:15px;margin-bottom:20px;width:100%;\"><\/div><div class=\"fusion-sep-clear\"><\/div><div class=\"fusion-text fusion-text-4\"><p><strong>SMART CAKE GMBH<\/strong><br \/>\nPr\u00eat \u00e0 la vente en carton brun pour micro-ondes avec impression flexo en une ou deux couleurs. Facile \u00e0 transporter, rapidement et facilement transformable en pr\u00e9sentoir, les snacks \u00ab\u00a0sains\u00a0\u00bb sont pr\u00e9sent\u00e9s avec \u00e9l\u00e9gance.<\/p>\n<\/div><div class=\"fusion-clearfix\"><\/div><\/div><\/div><div class=\"fusion-layout-column fusion_builder_column fusion-builder-column-4 fusion_builder_column_1_2 1_2 fusion-one-half fusion-column-last\" style=\"--awb-bg-size:cover;width:50%;width:calc(50% - ( ( 4% ) * 0.5 ) );\"><div class=\"fusion-column-wrapper fusion-column-has-shadow fusion-flex-column-wrapper-legacy\"><div class=\"fusion-image-element in-legacy-container\" style=\"--awb-caption-title-font-family:var(--h2_typography-font-family);--awb-caption-title-font-weight:var(--h2_typography-font-weight);--awb-caption-title-font-style:var(--h2_typography-font-style);--awb-caption-title-size:var(--h2_typography-font-size);--awb-caption-title-transform:var(--h2_typography-text-transform);--awb-caption-title-line-height:var(--h2_typography-line-height);--awb-caption-title-letter-spacing:var(--h2_typography-letter-spacing);\"><span class=\" fusion-imageframe imageframe-none imageframe-4 hover-type-none\"><img decoding=\"async\" width=\"464\" height=\"225\" title=\"croix-duplex\" src=\"https:\/\/brieger.ch\/wp-content\/uploads\/2020\/05\/croix-duplex-1.jpg\" alt class=\"img-responsive wp-image-35440\" srcset=\"https:\/\/brieger.ch\/wp-content\/uploads\/2020\/05\/croix-duplex-1-200x97.jpg 200w, https:\/\/brieger.ch\/wp-content\/uploads\/2020\/05\/croix-duplex-1-400x194.jpg 400w, https:\/\/brieger.ch\/wp-content\/uploads\/2020\/05\/croix-duplex-1.jpg 464w\" sizes=\"(max-width: 800px) 100vw, 464px\" \/><\/span><\/div><div class=\"fusion-sep-clear\"><\/div><div class=\"fusion-separator fusion-full-width-sep\" style=\"margin-left: auto;margin-right: auto;margin-top:15px;margin-bottom:20px;width:100%;\"><\/div><div class=\"fusion-sep-clear\"><\/div><div class=\"fusion-text fusion-text-5\"><p><strong>WEINGUT CROIX DUPLEX<\/strong><br \/>\nCes emballages pour 1, 2 ou 3 bouteilles ont \u00e9t\u00e9 fabriqu\u00e9s en carton pour micro-ondes avec une impression flexo en deux couleurs. Cela permet aux clients de rapporter les excellents vins chez eux sans aucun probl\u00e8me.<\/p>\n<\/div><div class=\"fusion-clearfix\"><\/div><\/div><\/div><\/div><\/div><div class=\"fusion-fullwidth fullwidth-box fusion-builder-row-4 nonhundred-percent-fullwidth non-hundred-percent-height-scrolling\" style=\"--awb-border-radius-top-left:0px;--awb-border-radius-top-right:0px;--awb-border-radius-bottom-right:0px;--awb-border-radius-bottom-left:0px;--awb-margin-bottom:50px;--awb-flex-wrap:wrap;\" ><div class=\"fusion-builder-row fusion-row\"><div class=\"fusion-layout-column fusion_builder_column fusion-builder-column-5 fusion_builder_column_1_1 1_1 fusion-one-full fusion-column-first fusion-column-last\" style=\"--awb-bg-size:cover;\"><div class=\"fusion-column-wrapper fusion-column-has-shadow fusion-flex-column-wrapper-legacy\"><div class=\"fusion-image-element in-legacy-container\" style=\"--awb-caption-title-font-family:var(--h2_typography-font-family);--awb-caption-title-font-weight:var(--h2_typography-font-weight);--awb-caption-title-font-style:var(--h2_typography-font-style);--awb-caption-title-size:var(--h2_typography-font-size);--awb-caption-title-transform:var(--h2_typography-text-transform);--awb-caption-title-line-height:var(--h2_typography-line-height);--awb-caption-title-letter-spacing:var(--h2_typography-letter-spacing);\"><span class=\" fusion-imageframe imageframe-none imageframe-5 hover-type-none\"><img decoding=\"async\" width=\"2138\" height=\"606\" title=\"brauerei-im-berg\" src=\"https:\/\/brieger.ch\/wp-content\/uploads\/2020\/05\/brauerei-im-berg.jpg\" alt class=\"img-responsive wp-image-35427\" srcset=\"https:\/\/brieger.ch\/wp-content\/uploads\/2020\/05\/brauerei-im-berg-200x57.jpg 200w, https:\/\/brieger.ch\/wp-content\/uploads\/2020\/05\/brauerei-im-berg-400x113.jpg 400w, https:\/\/brieger.ch\/wp-content\/uploads\/2020\/05\/brauerei-im-berg-600x170.jpg 600w, https:\/\/brieger.ch\/wp-content\/uploads\/2020\/05\/brauerei-im-berg-800x227.jpg 800w, https:\/\/brieger.ch\/wp-content\/uploads\/2020\/05\/brauerei-im-berg-1200x340.jpg 1200w, https:\/\/brieger.ch\/wp-content\/uploads\/2020\/05\/brauerei-im-berg.jpg 2138w\" sizes=\"(max-width: 800px) 100vw, 1200px\" \/><\/span><\/div><div class=\"fusion-sep-clear\"><\/div><div class=\"fusion-separator fusion-full-width-sep\" style=\"margin-left: auto;margin-right: auto;margin-top:15px;margin-bottom:20px;width:100%;\"><\/div><div class=\"fusion-sep-clear\"><\/div><div class=\"fusion-text fusion-text-6\"><p><strong>BRAUEREI IM BERG<\/strong><br \/>\nBrauerei Im Berg, une brasserie \u00e0 Weisslingen, dans l&rsquo;Oberland zurichois, avec les fr\u00e8res David et Samuel Denzler. C&rsquo;est l\u00e0 que le Berg n&rsquo;est pas vraiment une montagne et que l&rsquo;excellente bi\u00e8re a \u00e9t\u00e9 cr\u00e9\u00e9e quasi \u00e0 partir d&rsquo;une id\u00e9e de bi\u00e8re, litt\u00e9ralement. Au d\u00e9but, David et Samuel mettaient en bouteille un peu moins de 1 200 bouteilles par mois, mais aujourd&rsquo;hui, ce chiffre se situe entre 75 et 90 000 par an, et il ne cesse d&rsquo;augmenter. Leurs 5 types de bi\u00e8res ont chacun leur propre caract\u00e8re. Actuellement, il y en a cinq. Une nonne, un nain, une sorte de roi et deux autres personnages charismatiques. Il y a un message dans chaque personnage. Vous pouvez lire toute l&rsquo;histoire <a href=\"https:\/\/www.magazin-zuerich.ch\/ueber-helden-geschmack-und-lagerfeuer\/\" target=\"_blank\" rel=\"noopener noreferrer\">ici<\/a>.<\/p>\n<p>Brieger Verpackungen a fait produire pour la brasserie un pack de 24 bi\u00e8res Harass con\u00e7u exactement avec ces caract\u00e8res. Ces harasses sont facilement empilables et pr\u00e9sentent les bi\u00e8res et l&rsquo;histoire de la brasserie dans la montagne. Le Harass a \u00e9t\u00e9 produit par impression num\u00e9rique et est facile \u00e0 transporter gr\u00e2ce aux poign\u00e9es pratiques et aux inserts qui prot\u00e8gent les bouteilles.<\/p>\n<\/div><div class=\"fusion-clearfix\"><\/div><\/div><\/div><\/div><\/div><div class=\"fusion-fullwidth fullwidth-box fusion-builder-row-5 nonhundred-percent-fullwidth non-hundred-percent-height-scrolling\" style=\"--awb-border-radius-top-left:0px;--awb-border-radius-top-right:0px;--awb-border-radius-bottom-right:0px;--awb-border-radius-bottom-left:0px;--awb-flex-wrap:wrap;\" ><div class=\"fusion-builder-row fusion-row\"><div class=\"fusion-layout-column fusion_builder_column fusion-builder-column-6 fusion_builder_column_1_2 1_2 fusion-one-half fusion-column-first\" style=\"--awb-bg-size:cover;width:50%;width:calc(50% - ( ( 4% ) * 0.5 ) );margin-right: 4%;\"><div class=\"fusion-column-wrapper fusion-column-has-shadow fusion-flex-column-wrapper-legacy\"><div class=\"fusion-image-element in-legacy-container\" style=\"--awb-caption-title-font-family:var(--h2_typography-font-family);--awb-caption-title-font-weight:var(--h2_typography-font-weight);--awb-caption-title-font-style:var(--h2_typography-font-style);--awb-caption-title-size:var(--h2_typography-font-size);--awb-caption-title-transform:var(--h2_typography-text-transform);--awb-caption-title-line-height:var(--h2_typography-line-height);--awb-caption-title-letter-spacing:var(--h2_typography-letter-spacing);\"><span class=\" fusion-imageframe imageframe-none imageframe-6 hover-type-none\"><img decoding=\"async\" width=\"355\" height=\"207\" title=\"bierkalender\" src=\"https:\/\/brieger.ch\/wp-content\/uploads\/2020\/05\/bierkalender.jpg\" alt class=\"img-responsive wp-image-35430\" srcset=\"https:\/\/brieger.ch\/wp-content\/uploads\/2020\/05\/bierkalender-200x117.jpg 200w, https:\/\/brieger.ch\/wp-content\/uploads\/2020\/05\/bierkalender.jpg 355w\" sizes=\"(max-width: 800px) 100vw, 355px\" \/><\/span><\/div><div class=\"fusion-sep-clear\"><\/div><div class=\"fusion-separator fusion-full-width-sep\" style=\"margin-left: auto;margin-right: auto;margin-top:15px;margin-bottom:20px;width:100%;\"><\/div><div class=\"fusion-sep-clear\"><\/div><div class=\"fusion-text fusion-text-7\"><p><strong>CALENDRIER DES BI\u00c8RES<\/strong><br \/>\nEn automne 2019, nous avons lanc\u00e9 une campagne : nos brasseurs de Suisse al\u00e9manique et romande ont pu cr\u00e9er un calendrier de la bi\u00e8re<br \/>\nl&rsquo;ordre. La matrice de d\u00e9coupe a \u00e9t\u00e9 mise \u00e0 disposition et les clients ont pu faire produire leurs calendriers de bi\u00e8re avec leurs sujets d&rsquo;impression.<\/p>\n<\/div><div class=\"fusion-clearfix\"><\/div><\/div><\/div><div class=\"fusion-layout-column fusion_builder_column fusion-builder-column-7 fusion_builder_column_1_2 1_2 fusion-one-half fusion-column-last\" style=\"--awb-bg-size:cover;width:50%;width:calc(50% - ( ( 4% ) * 0.5 ) );\"><div class=\"fusion-column-wrapper fusion-column-has-shadow fusion-flex-column-wrapper-legacy\"><div class=\"fusion-image-element in-legacy-container\" style=\"--awb-caption-title-font-family:var(--h2_typography-font-family);--awb-caption-title-font-weight:var(--h2_typography-font-weight);--awb-caption-title-font-style:var(--h2_typography-font-style);--awb-caption-title-size:var(--h2_typography-font-size);--awb-caption-title-transform:var(--h2_typography-text-transform);--awb-caption-title-line-height:var(--h2_typography-line-height);--awb-caption-title-letter-spacing:var(--h2_typography-letter-spacing);\"><span class=\" fusion-imageframe imageframe-none imageframe-7 hover-type-none\"><img decoding=\"async\" width=\"432\" height=\"207\" title=\"meterbier\" src=\"https:\/\/brieger.ch\/wp-content\/uploads\/2020\/05\/meterbier.jpg\" alt class=\"img-responsive wp-image-35432\" srcset=\"https:\/\/brieger.ch\/wp-content\/uploads\/2020\/05\/meterbier-200x96.jpg 200w, https:\/\/brieger.ch\/wp-content\/uploads\/2020\/05\/meterbier-400x192.jpg 400w, https:\/\/brieger.ch\/wp-content\/uploads\/2020\/05\/meterbier.jpg 432w\" sizes=\"(max-width: 800px) 100vw, 432px\" \/><\/span><\/div><div class=\"fusion-sep-clear\"><\/div><div class=\"fusion-separator fusion-full-width-sep\" style=\"margin-left: auto;margin-right: auto;margin-top:15px;margin-bottom:20px;width:100%;\"><\/div><div class=\"fusion-sep-clear\"><\/div><div class=\"fusion-text fusion-text-8\"><p><strong>BI\u00c8RE AU M\u00c8TRE<\/strong><br \/>\nDes emballages de bi\u00e8re sur mesure &#8211; Des innovations pour les artistes de la brasserie!<br \/>\nNotre solution \u00ab\u00a0handta- sche pour hommes\u00a0\u00bb, bon march\u00e9, imprimable et \u00e9cologique, offre une grande stabilit\u00e9 et beaucoup d&rsquo;espace pour les messages publicitaires. Le \u00ab\u00a0conditionnement de la bi\u00e8re sur mesure en carton ondul\u00e9\u00a0\u00bb de Bourquin SA &#8211; une bonne alternative aux emballages en bois.<\/p>\n<\/div><div class=\"fusion-clearfix\"><\/div><\/div><\/div><\/div><\/div><\/p>\n","protected":false},"excerpt":{"rendered":"","protected":false},"author":1,"featured_media":42235,"parent":0,"menu_order":0,"comment_status":"closed","ping_status":"closed","template":"","meta":{"_searchwp_excluded":"","footnotes":""},"class_list":["post-40820","page","type-page","status-publish","has-post-thumbnail","hentry"],"_links":{"self":[{"href":"https:\/\/brieger.ch\/fr\/wp-json\/wp\/v2\/pages\/40820","targetHints":{"allow":["GET"]}}],"collection":[{"href":"https:\/\/brieger.ch\/fr\/wp-json\/wp\/v2\/pages"}],"about":[{"href":"https:\/\/brieger.ch\/fr\/wp-json\/wp\/v2\/types\/page"}],"author":[{"embeddable":true,"href":"https:\/\/brieger.ch\/fr\/wp-json\/wp\/v2\/users\/1"}],"replies":[{"embeddable":true,"href":"https:\/\/brieger.ch\/fr\/wp-json\/wp\/v2\/comments?post=40820"}],"version-history":[{"count":1,"href":"https:\/\/brieger.ch\/fr\/wp-json\/wp\/v2\/pages\/40820\/revisions"}],"predecessor-version":[{"id":108802,"href":"https:\/\/brieger.ch\/fr\/wp-json\/wp\/v2\/pages\/40820\/revisions\/108802"}],"wp:featuredmedia":[{"embeddable":true,"href":"https:\/\/brieger.ch\/fr\/wp-json\/wp\/v2\/media\/42235"}],"wp:attachment":[{"href":"https:\/\/brieger.ch\/fr\/wp-json\/wp\/v2\/media?parent=40820"}],"curies":[{"name":"wp","href":"https:\/\/api.w.org\/{rel}","templated":true}]}}