{"id":40609,"date":"2020-08-04T16:12:04","date_gmt":"2020-08-04T14:12:04","guid":{"rendered":"https:\/\/brieger.hundert1.ch\/cadeaux\/sachets-echantillons\/"},"modified":"2020-08-27T13:54:25","modified_gmt":"2020-08-27T11:54:25","slug":"sachets-echantillons","status":"publish","type":"page","link":"https:\/\/brieger.ch\/fr\/cadeaux\/sachets-echantillons\/","title":{"rendered":"Sachets \u00e9chantillons"},"content":{"rendered":"<p><div class=\"fusion-fullwidth fullwidth-box fusion-builder-row-1 nonhundred-percent-fullwidth non-hundred-percent-height-scrolling\" style=\"--awb-border-radius-top-left:0px;--awb-border-radius-top-right:0px;--awb-border-radius-bottom-right:0px;--awb-border-radius-bottom-left:0px;--awb-flex-wrap:wrap;\" ><div class=\"fusion-builder-row fusion-row\"><div class=\"fusion-layout-column fusion_builder_column fusion-builder-column-0 fusion_builder_column_1_4 1_4 fusion-one-fourth fusion-column-first\" style=\"--awb-bg-size:cover;width:25%;width:calc(25% - ( ( 4% ) * 0.25 ) );margin-right: 4%;\"><div class=\"fusion-column-wrapper fusion-flex-column-wrapper-legacy\"><div class=\"fusion-image-element in-legacy-container\" style=\"--awb-caption-title-font-family:var(--h2_typography-font-family);--awb-caption-title-font-weight:var(--h2_typography-font-weight);--awb-caption-title-font-style:var(--h2_typography-font-style);--awb-caption-title-size:var(--h2_typography-font-size);--awb-caption-title-transform:var(--h2_typography-text-transform);--awb-caption-title-line-height:var(--h2_typography-line-height);--awb-caption-title-letter-spacing:var(--h2_typography-letter-spacing);\"><span class=\" fusion-imageframe imageframe-none imageframe-1 hover-type-none\"><img decoding=\"async\" width=\"800\" height=\"800\" alt=\"beutel\" title=\"mustertueten-M56114\" src=\"https:\/\/brieger.ch\/wp-content\/uploads\/2020\/02\/mustertueten-M56114.jpg\" class=\"img-responsive wp-image-30953\" srcset=\"https:\/\/brieger.ch\/wp-content\/uploads\/2020\/02\/mustertueten-M56114-200x200.jpg 200w, https:\/\/brieger.ch\/wp-content\/uploads\/2020\/02\/mustertueten-M56114-400x400.jpg 400w, https:\/\/brieger.ch\/wp-content\/uploads\/2020\/02\/mustertueten-M56114-600x600.jpg 600w, https:\/\/brieger.ch\/wp-content\/uploads\/2020\/02\/mustertueten-M56114.jpg 800w\" sizes=\"(max-width: 800px) 100vw, 400px\" \/><\/span><\/div><div class=\"fusion-clearfix\"><\/div><\/div><\/div><div class=\"fusion-layout-column fusion_builder_column fusion-builder-column-1 fusion_builder_column_1_2 1_2 fusion-one-half fusion-column-last\" style=\"--awb-bg-size:cover;width:50%;width:calc(50% - ( ( 4% ) * 0.5 ) );\"><div class=\"fusion-column-wrapper fusion-flex-column-wrapper-legacy\"><div class=\"fusion-text fusion-text-1\"><p>Que ce soit pour le stockage ou l&rsquo;envoi d&rsquo;\u00e9chantillons, de petites pi\u00e8ces, de produits de parfumerie ou m\u00eame de documents, les sachets pour \u00e9chantillons sont polyvalents ! Avantages: fermeture facile par agrafes, de sorte qu&rsquo;ils peuvent \u00eatre r\u00e9utilis\u00e9s, mais \u00e9galement leur grande capacit\u00e9 gr\u00e2ce \u00e0 de larges soufflets lat\u00e9raux. <\/p>\n<p><strong>Unit\u00e9 de vente : 1 pi\u00e8ce = 1 boxe \u00e0 250 sachets pour \u00e9chantillons<\/strong><\/p>\n<\/div><div class=\"fusion-clearfix\"><\/div><\/div><\/div><\/div><\/div><div class=\"fusion-fullwidth fullwidth-box fusion-builder-row-2 nonhundred-percent-fullwidth non-hundred-percent-height-scrolling\" style=\"--awb-border-radius-top-left:0px;--awb-border-radius-top-right:0px;--awb-border-radius-bottom-right:0px;--awb-border-radius-bottom-left:0px;--awb-padding-top:44px;--awb-flex-wrap:wrap;\" ><div class=\"fusion-builder-row fusion-row\"><div class=\"fusion-layout-column fusion_builder_column fusion-builder-column-2 fusion_builder_column_1_1 1_1 fusion-one-full fusion-column-first fusion-column-last\" style=\"--awb-bg-size:cover;\"><div class=\"fusion-column-wrapper fusion-flex-column-wrapper-legacy\"><div class=\"fusion-text fusion-text-2\"><p>Les produits peuvent \u00eatre filtr\u00e9s selon diff\u00e9rents crit\u00e8res<\/p>\n<\/div><div class=\"fusion-clearfix\"><\/div><\/div><\/div><div class=\"fusion-layout-column fusion_builder_column fusion-builder-column-3 fusion_builder_column_1_1 1_1 fusion-one-full fusion-column-first fusion-column-last\" style=\"--awb-bg-size:cover;\"><div class=\"fusion-column-wrapper fusion-flex-column-wrapper-legacy\"><div class=\"fusion-text fusion-text-3\"><form autocomplete=\"off\" name=\"wpv-filter-23719\" action=\"\/fr\/wp-json\/wp\/v2\/pages\/40609?wpv_view_count=23719\" method=\"get\" class=\"wpv-filter-form js-wpv-filter-form js-wpv-filter-form-23719 js-wpv-form-full js-wpv-dps-enabled js-wpv-ajax-results-enabled\" data-viewnumber=\"23719\" data-viewid=\"23719\" data-viewhash=\"eyJuYW1lIjoic2VhcmNoX211c3RlcnR1ZXRlbiIsImNhY2hlZCI6Im9mZiJ9\" data-viewwidgetid=\"0\" data-orderby=\"\" data-order=\"\" data-orderbyas=\"\" data-orderbysecond=\"\" data-ordersecond=\"\" data-parametric=\"{&quot;query&quot;:&quot;normal&quot;,&quot;id&quot;:23719,&quot;view_id&quot;:23719,&quot;widget_id&quot;:0,&quot;view_hash&quot;:&quot;23719&quot;,&quot;action&quot;:&quot;\\\/fr\\\/wp-json\\\/wp\\\/v2\\\/pages\\\/40609?wpv_view_count=23719&quot;,&quot;sort&quot;:{&quot;orderby&quot;:&quot;&quot;,&quot;order&quot;:&quot;&quot;,&quot;orderby_as&quot;:&quot;&quot;,&quot;orderby_second&quot;:&quot;&quot;,&quot;order_second&quot;:&quot;&quot;},&quot;orderby&quot;:&quot;&quot;,&quot;order&quot;:&quot;&quot;,&quot;orderby_as&quot;:&quot;&quot;,&quot;orderby_second&quot;:&quot;&quot;,&quot;order_second&quot;:&quot;&quot;,&quot;ajax_form&quot;:&quot;&quot;,&quot;ajax_results&quot;:&quot;&quot;,&quot;effect&quot;:&quot;fade&quot;,&quot;prebefore&quot;:&quot;&quot;,&quot;before&quot;:&quot;&quot;,&quot;after&quot;:&quot;&quot;,&quot;attributes&quot;:{&quot;cached&quot;:&quot;off&quot;},&quot;environment&quot;:{&quot;current_post_id&quot;:40609,&quot;parent_post_id&quot;:40609,&quot;parent_term_id&quot;:0,&quot;parent_user_id&quot;:0,&quot;archive&quot;:{&quot;type&quot;:&quot;&quot;,&quot;name&quot;:&quot;&quot;,&quot;data&quot;:[]}},&quot;loop&quot;:{&quot;type&quot;:&quot;&quot;,&quot;name&quot;:&quot;&quot;,&quot;data&quot;:[],&quot;id&quot;:0}}\" data-attributes=\"{&quot;cached&quot;:&quot;off&quot;}\" data-environment=\"{&quot;current_post_id&quot;:40609,&quot;parent_post_id&quot;:40609,&quot;parent_term_id&quot;:0,&quot;parent_user_id&quot;:0,&quot;archive&quot;:{&quot;type&quot;:&quot;&quot;,&quot;name&quot;:&quot;&quot;,&quot;data&quot;:[]}}\"><input type=\"hidden\" class=\"js-wpv-dps-filter-data js-wpv-filter-data-for-this-form\" data-action=\"\/fr\/wp-json\/wp\/v2\/pages\/40609?wpv_view_count=23719\" data-page=\"1\" data-ajax=\"enable\" data-effect=\"fade\" data-maxpages=\"0\" data-ajaxprebefore=\"\" data-ajaxbefore=\"\" data-ajaxafter=\"\" \/><input class=\"wpv_view_count wpv_view_count-23719\" type=\"hidden\" name=\"wpv_view_count\" value=\"23719\" \/>\n<div class=\"prodsearchbox\">\n\n  \n<div class=\"farbenseparator\">&nbsp;<\/div>\n<div class=\"laenge_in_mm_search_4\">\n  <div class=\"form-group\">\n\t<label>Longueur Dimensions int\u00e9rieures<\/label>\n\t<select id=\"wpv_control_select__length\" name=\"wpv-_length\" class=\"js-wpv-filter-trigger form-control\"><option value=\"\" selected=\"selected\">Longueur en mm<\/option><\/select>\n<\/div>\n  \n<\/div>\n<div class=\"breite_in_mm_search_4\">  \n<div class=\"form-group\">\n\t<label>Largeur Dimensions int\u00e9rieures<\/label>\n\t<select id=\"wpv_control_select__width\" name=\"wpv-_width\" class=\"js-wpv-filter-trigger form-control\"><option value=\"\" selected=\"selected\">Largeur en mm<\/option><\/select>\n<\/div>  \n  \n<\/div>\n<div class=\"hoehe_in_mm_search_4\">\n<div class=\"form-group\">\n\t<label>Hauteur Dimensions int\u00e9rieures<\/label>\n\t<select id=\"wpv_control_select__height\" name=\"wpv-_height\" class=\"js-wpv-filter-trigger form-control\"><option value=\"\" selected=\"selected\">Hauteur en mm<\/option><\/select>\n<\/div>  \n<\/div>\n  \n\n  \n  \n<div class=\"qualitaet_search\">  \n<div class=\"form-group\">\n\t<label>Prix d\u00e8s<\/label>\n\t<select id=\"wpv_control_select_wpcf-ab-preis\" name=\"wpv-wpcf-ab-preis\" class=\"js-wpv-filter-trigger form-control\"><option value=\"\" selected=\"selected\">Prix d\u00e8s<\/option><\/select>\n<\/div> \n<\/div>  \n<div style=\"clear:both;\"><\/div>\n<div class=\"farbenseparator\">&nbsp;<\/div>\n\n<div class=\"form-group\">\n\t\n<\/div>  \n  \n  \n<div style=\"clear:both;\"><\/div>\n<div class=\"btns_search\">  \n  <button type=\"submit\" class=\"fusion-button button-flat wpv-submit-trigger js-wpv-submit-trigger btn\" style=\"border:1px #000 solid;background:#fff;\">Recherche<\/button> <button type=\"button\" class=\"fusion-button button-flat wpv-reset-trigger js-wpv-reset-trigger btn\" style=\"border:1px #000 solid;background:#fff;\">R\u00e9initialisation<\/button>\n<\/div>\n<\/div><p style=\"display:none; text-align:center;\" class=\"js-wpv-dps-spinner\"><img decoding=\"async\" src=\"https:\/\/brieger.ch\/wp-content\/plugins\/wp-views\/embedded\/res\/img\/ajax-loader3.svg\" \/><\/p>\n<\/form>\n<div id=\"wpv-view-layout-23719\" class=\"js-wpv-view-layout js-wpv-layout-responsive js-wpv-view-layout-23719\" data-viewnumber=\"23719\" data-pagination=\"{&quot;id&quot;:23719,&quot;query&quot;:&quot;normal&quot;,&quot;type&quot;:&quot;disabled&quot;,&quot;effect&quot;:&quot;fade&quot;,&quot;duration&quot;:500,&quot;speed&quot;:5,&quot;pause_on_hover&quot;:&quot;disabled&quot;,&quot;stop_rollover&quot;:&quot;false&quot;,&quot;cache_pages&quot;:&quot;enabled&quot;,&quot;preload_images&quot;:&quot;enabled&quot;,&quot;preload_pages&quot;:&quot;enabled&quot;,&quot;preload_reach&quot;:1,&quot;spinner&quot;:&quot;builtin&quot;,&quot;spinner_image&quot;:&quot;https:\/\/brieger.ch\/wp-content\/plugins\/wp-views\/embedded\/res\/img\/ajax-loader.gif&quot;,&quot;callback_next&quot;:&quot;&quot;,&quot;manage_history&quot;:&quot;disabled&quot;,&quot;has_controls_in_form&quot;:&quot;disabled&quot;,&quot;infinite_tolerance&quot;:&quot;0&quot;,&quot;max_pages&quot;:0,&quot;page&quot;:1,&quot;base_permalink&quot;:&quot;\/fr\/wp-json\/wp\/v2\/pages\/40609?wpv_view_count=23719&amp;wpv_paged=WPV_PAGE_NUM&quot;,&quot;loop&quot;:{&quot;type&quot;:&quot;&quot;,&quot;name&quot;:&quot;&quot;,&quot;data&quot;:[],&quot;id&quot;:0}}\" data-permalink=\"\/fr\/wp-json\/wp\/v2\/pages\/40609?wpv_view_count=23719\">\n\n\t\n\t<strong>Vous n'avez rien trouv\u00e9 de convenable ? Contactez-nous: <strong>+41 44 497 32 32<\/strong> <\/strong>\n<\/div>\n<\/div><div class=\"fusion-clearfix\"><\/div><\/div><\/div><\/div><\/div><\/p>\n","protected":false},"excerpt":{"rendered":"<p>Les sachets pour \u00e9chantillons sont polyvalents ! Avantages: fermeture facile par agrafes, de sorte qu&rsquo;ils peuvent \u00eatre r\u00e9utilis\u00e9s, mais \u00e9galement leur grande capacit\u00e9 gr\u00e2ce \u00e0 de larges soufflets lat\u00e9raux. <\/p>\n","protected":false},"author":1,"featured_media":30953,"parent":40590,"menu_order":2,"comment_status":"closed","ping_status":"closed","template":"","meta":{"_searchwp_excluded":"","footnotes":""},"class_list":["post-40609","page","type-page","status-publish","has-post-thumbnail","hentry"],"_links":{"self":[{"href":"https:\/\/brieger.ch\/fr\/wp-json\/wp\/v2\/pages\/40609","targetHints":{"allow":["GET"]}}],"collection":[{"href":"https:\/\/brieger.ch\/fr\/wp-json\/wp\/v2\/pages"}],"about":[{"href":"https:\/\/brieger.ch\/fr\/wp-json\/wp\/v2\/types\/page"}],"author":[{"embeddable":true,"href":"https:\/\/brieger.ch\/fr\/wp-json\/wp\/v2\/users\/1"}],"replies":[{"embeddable":true,"href":"https:\/\/brieger.ch\/fr\/wp-json\/wp\/v2\/comments?post=40609"}],"version-history":[{"count":0,"href":"https:\/\/brieger.ch\/fr\/wp-json\/wp\/v2\/pages\/40609\/revisions"}],"up":[{"embeddable":true,"href":"https:\/\/brieger.ch\/fr\/wp-json\/wp\/v2\/pages\/40590"}],"wp:featuredmedia":[{"embeddable":true,"href":"https:\/\/brieger.ch\/fr\/wp-json\/wp\/v2\/media\/30953"}],"wp:attachment":[{"href":"https:\/\/brieger.ch\/fr\/wp-json\/wp\/v2\/media?parent=40609"}],"curies":[{"name":"wp","href":"https:\/\/api.w.org\/{rel}","templated":true}]}}