{"id":40605,"date":"2020-08-04T16:04:35","date_gmt":"2020-08-04T14:04:35","guid":{"rendered":"https:\/\/brieger.hundert1.ch\/cadeaux\/emballages-boutique\/"},"modified":"2026-03-10T09:01:51","modified_gmt":"2026-03-10T08:01:51","slug":"emballages-boutique","status":"publish","type":"page","link":"https:\/\/brieger.ch\/fr\/cadeaux\/emballages-boutique\/","title":{"rendered":"Emballages boutique pour l&rsquo;exp\u00e9rience en point de vente"},"content":{"rendered":"<p><div class=\"fusion-fullwidth fullwidth-box fusion-builder-row-1 nonhundred-percent-fullwidth non-hundred-percent-height-scrolling\" style=\"--awb-border-radius-top-left:0px;--awb-border-radius-top-right:0px;--awb-border-radius-bottom-right:0px;--awb-border-radius-bottom-left:0px;--awb-flex-wrap:wrap;\" ><div class=\"fusion-builder-row fusion-row\"><div class=\"fusion-layout-column fusion_builder_column fusion-builder-column-0 fusion_builder_column_1_4 1_4 fusion-one-fourth fusion-column-first\" style=\"--awb-bg-size:cover;width:25%;width:calc(25% - ( ( 4% ) * 0.25 ) );margin-right: 4%;\"><div class=\"fusion-column-wrapper fusion-flex-column-wrapper-legacy\"><div class=\"fusion-image-element in-legacy-container\" style=\"--awb-caption-title-font-family:var(--h2_typography-font-family);--awb-caption-title-font-weight:var(--h2_typography-font-weight);--awb-caption-title-font-style:var(--h2_typography-font-style);--awb-caption-title-size:var(--h2_typography-font-size);--awb-caption-title-transform:var(--h2_typography-text-transform);--awb-caption-title-line-height:var(--h2_typography-line-height);--awb-caption-title-letter-spacing:var(--h2_typography-letter-spacing);\"><span class=\" fusion-imageframe imageframe-none imageframe-1 hover-type-none\"><img decoding=\"async\" width=\"600\" height=\"600\" title=\"boutiqueverpackungen-156_5_2\" src=\"https:\/\/brieger.ch\/wp-content\/uploads\/2020\/02\/boutiqueverpackungen-156_5_2.jpg\" alt class=\"img-responsive wp-image-30943\" srcset=\"https:\/\/brieger.ch\/wp-content\/uploads\/2020\/02\/boutiqueverpackungen-156_5_2-200x200.jpg 200w, https:\/\/brieger.ch\/wp-content\/uploads\/2020\/02\/boutiqueverpackungen-156_5_2-400x400.jpg 400w, https:\/\/brieger.ch\/wp-content\/uploads\/2020\/02\/boutiqueverpackungen-156_5_2.jpg 600w\" sizes=\"(max-width: 800px) 100vw, 400px\" \/><\/span><\/div><div class=\"fusion-clearfix\"><\/div><\/div><\/div><div class=\"fusion-layout-column fusion_builder_column fusion-builder-column-1 fusion_builder_column_1_2 1_2 fusion-one-half fusion-column-last\" style=\"--awb-bg-size:cover;width:50%;width:calc(50% - ( ( 4% ) * 0.5 ) );\"><div class=\"fusion-column-wrapper fusion-flex-column-wrapper-legacy\"><div class=\"fusion-text fusion-text-1\"><p>Bo\u00eetes cloches blanches en carton plat de haute qualit\u00e9 avec fond et couvercle. Pour l&#8217;emballage de petits objets ou pour le tri. Conviennent parfaitement pour de petites pi\u00e8ces, des cadeaux, des \u00e9chantillons, des cadeaux publicitaires, des bijoux, des cosm\u00e9tiques, etc. Attention : ne conviennent pas pour un envoi postal.<\/p>\n<\/div><div class=\"fusion-clearfix\"><\/div><\/div><\/div><\/div><\/div><div class=\"fusion-fullwidth fullwidth-box fusion-builder-row-2 nonhundred-percent-fullwidth non-hundred-percent-height-scrolling\" style=\"--awb-border-radius-top-left:0px;--awb-border-radius-top-right:0px;--awb-border-radius-bottom-right:0px;--awb-border-radius-bottom-left:0px;--awb-padding-top:44px;--awb-flex-wrap:wrap;\" ><div class=\"fusion-builder-row fusion-row\"><div class=\"fusion-layout-column fusion_builder_column fusion-builder-column-2 fusion_builder_column_1_1 1_1 fusion-one-full fusion-column-first fusion-column-last\" style=\"--awb-bg-size:cover;\"><div class=\"fusion-column-wrapper fusion-flex-column-wrapper-legacy\"><div class=\"fusion-text fusion-text-2\"><p>Les produits peuvent \u00eatre filtr\u00e9s selon diff\u00e9rents crit\u00e8res<\/p>\n<\/div><div class=\"fusion-clearfix\"><\/div><\/div><\/div><div class=\"fusion-layout-column fusion_builder_column fusion-builder-column-3 fusion_builder_column_1_1 1_1 fusion-one-full fusion-column-first fusion-column-last\" style=\"--awb-bg-size:cover;\"><div class=\"fusion-column-wrapper fusion-flex-column-wrapper-legacy\"><div class=\"fusion-text fusion-text-3\"><form autocomplete=\"off\" name=\"wpv-filter-41508\" action=\"\/fr\/wp-json\/wp\/v2\/pages\/40605?wpv_view_count=41508\" method=\"get\" class=\"wpv-filter-form js-wpv-filter-form js-wpv-filter-form-41508 js-wpv-form-full js-wpv-dps-enabled js-wpv-ajax-results-enabled\" data-viewnumber=\"41508\" data-viewid=\"41508\" data-viewhash=\"eyJuYW1lIjoic2VhcmNoX2JvdXRpcXVldmVycGFja3VuZ2VuLWZyIiwiY2FjaGVkIjoib2ZmIn0=\" data-viewwidgetid=\"0\" data-orderby=\"\" data-order=\"\" data-orderbyas=\"\" data-orderbysecond=\"\" data-ordersecond=\"\" data-parametric=\"{&quot;query&quot;:&quot;normal&quot;,&quot;id&quot;:41508,&quot;view_id&quot;:41508,&quot;widget_id&quot;:0,&quot;view_hash&quot;:&quot;41508&quot;,&quot;action&quot;:&quot;\\\/fr\\\/wp-json\\\/wp\\\/v2\\\/pages\\\/40605?wpv_view_count=41508&quot;,&quot;sort&quot;:{&quot;orderby&quot;:&quot;&quot;,&quot;order&quot;:&quot;&quot;,&quot;orderby_as&quot;:&quot;&quot;,&quot;orderby_second&quot;:&quot;&quot;,&quot;order_second&quot;:&quot;&quot;},&quot;orderby&quot;:&quot;&quot;,&quot;order&quot;:&quot;&quot;,&quot;orderby_as&quot;:&quot;&quot;,&quot;orderby_second&quot;:&quot;&quot;,&quot;order_second&quot;:&quot;&quot;,&quot;ajax_form&quot;:&quot;&quot;,&quot;ajax_results&quot;:&quot;&quot;,&quot;effect&quot;:&quot;fade&quot;,&quot;prebefore&quot;:&quot;&quot;,&quot;before&quot;:&quot;&quot;,&quot;after&quot;:&quot;&quot;,&quot;attributes&quot;:{&quot;cached&quot;:&quot;off&quot;},&quot;environment&quot;:{&quot;current_post_id&quot;:40605,&quot;parent_post_id&quot;:40605,&quot;parent_term_id&quot;:0,&quot;parent_user_id&quot;:0,&quot;archive&quot;:{&quot;type&quot;:&quot;&quot;,&quot;name&quot;:&quot;&quot;,&quot;data&quot;:[]}},&quot;loop&quot;:{&quot;type&quot;:&quot;&quot;,&quot;name&quot;:&quot;&quot;,&quot;data&quot;:[],&quot;id&quot;:0}}\" data-attributes=\"{&quot;cached&quot;:&quot;off&quot;}\" data-environment=\"{&quot;current_post_id&quot;:40605,&quot;parent_post_id&quot;:40605,&quot;parent_term_id&quot;:0,&quot;parent_user_id&quot;:0,&quot;archive&quot;:{&quot;type&quot;:&quot;&quot;,&quot;name&quot;:&quot;&quot;,&quot;data&quot;:[]}}\"><input type=\"hidden\" class=\"js-wpv-dps-filter-data js-wpv-filter-data-for-this-form\" data-action=\"\/fr\/wp-json\/wp\/v2\/pages\/40605?wpv_view_count=41508\" data-page=\"1\" data-ajax=\"enable\" data-effect=\"fade\" data-maxpages=\"0\" data-ajaxprebefore=\"\" data-ajaxbefore=\"\" data-ajaxafter=\"\" \/><input class=\"wpv_view_count wpv_view_count-41508\" type=\"hidden\" name=\"wpv_view_count\" value=\"41508\" \/>\n<div class=\"prodsearchbox\">\n\n  <!-- \n<div class=\"form-group\">\n\t<label>[wpml-string context=\"wpv-views\"]Artikelarten[\/wpml-string]<\/label>\n\t[wpv-control-post-taxonomy taxonomy=\"artikelart\" type=\"radios\" default_label=\"Alle anzeigen\" url_param=\"wpv-artikelart\"]\n<\/div>\n  -->\n  \n<div class=\"farbenseparator\">&nbsp;<\/div>\n<div class=\"laenge_in_mm_search\">\n  <div class=\"form-group\">\n\t<label>Longueur Dimensions int\u00e9rieures<\/label>\n\t<select id=\"wpv_control_select__length\" name=\"wpv-_length\" class=\"js-wpv-filter-trigger form-control\"><option value=\"\" selected=\"selected\">Longueur en mm<\/option><\/select>\n<\/div>\n  \n<\/div>\n<div class=\"breite_in_mm_search\">  \n<div class=\"form-group\">\n\t<label>Largeur Dimensions int\u00e9rieures<\/label>\n\t<select id=\"wpv_control_select__width\" name=\"wpv-_width\" class=\"js-wpv-filter-trigger form-control\"><option value=\"\" selected=\"selected\">Largeur en mm<\/option><\/select>\n<\/div>  \n  \n<\/div>\n<div class=\"hoehe_in_mm_search\">\n<div class=\"form-group\">\n\t<label>Hauteur Dimensions int\u00e9rieures<\/label>\n\t<select id=\"wpv_control_select__height\" name=\"wpv-_height\" class=\"js-wpv-filter-trigger form-control\"><option value=\"\" selected=\"selected\">Hauteur en mm<\/option><\/select>\n<\/div>  \n<\/div>\n  \n\n  \n  \n<div class=\"qualitaet_search\">  \n<div class=\"form-group\">\n\t<label>Qualit\u00e9<br\/><br\/><\/label>\n\t<select name=\"wpv-qualitaet\" class=\"js-wpv-filter-trigger form-control\"><option selected='selected' value=\"0\">\u00c9paisseur<\/option><\/select>\n<\/div>  \n<\/div>  \n\n  \n   \n<div class=\"qualitaet_search\">  \n<div class=\"form-group\">\n\t<label>Prix d\u00e8s<br\/><br\/><\/label>\n\t<select id=\"wpv_control_select_wpcf-ab-preis\" name=\"wpv-wpcf-ab-preis\" class=\"js-wpv-filter-trigger form-control\"><option value=\"\" selected=\"selected\">Prix d\u00e8s<\/option><\/select>\n<\/div>\n<\/div>  \n<div style=\"clear:both;\"><\/div> \n  \n<div class=\"farbenseparator\">&nbsp;<\/div>\n\t\n  \n  <!--\n<div class=\"form-group\">\n\t<label>[wpml-string context=\"wpv-views\"]Farben[\/wpml-string]<\/label>\n<div class=\"farbenbtns\">\n\t[wpv-control-post-taxonomy taxonomy=\"farbe\" type=\"radios\" url_param=\"wpv-farbe\"]\n<\/div><\/div>\n   --> \n   \n  \n  \n<div style=\"clear:both;\"><\/div>\n<div class=\"btns_search\">  \n  <button type=\"submit\" class=\"fusion-button button-flat wpv-submit-trigger js-wpv-submit-trigger btn\" style=\"border:1px #000 solid;background:#fff;\">Recherche<\/button> <button type=\"button\" class=\"fusion-button button-flat wpv-reset-trigger js-wpv-reset-trigger btn\" style=\"border:1px #000 solid;background:#fff;\">R\u00e9initialisation<\/button>\n<\/div>\n<\/div><p style=\"display:none; text-align:center;\" class=\"js-wpv-dps-spinner\"><img decoding=\"async\" src=\"https:\/\/brieger.ch\/wp-content\/plugins\/wp-views\/embedded\/res\/img\/ajax-loader3.svg\" \/><\/p>\n<\/form>\n<div id=\"wpv-view-layout-41508\" class=\"js-wpv-view-layout js-wpv-layout-responsive js-wpv-view-layout-41508\" data-viewnumber=\"41508\" data-pagination=\"{&quot;id&quot;:41508,&quot;query&quot;:&quot;normal&quot;,&quot;type&quot;:&quot;disabled&quot;,&quot;effect&quot;:&quot;fade&quot;,&quot;duration&quot;:500,&quot;speed&quot;:5,&quot;pause_on_hover&quot;:&quot;disabled&quot;,&quot;stop_rollover&quot;:&quot;false&quot;,&quot;cache_pages&quot;:&quot;enabled&quot;,&quot;preload_images&quot;:&quot;enabled&quot;,&quot;preload_pages&quot;:&quot;enabled&quot;,&quot;preload_reach&quot;:1,&quot;spinner&quot;:&quot;builtin&quot;,&quot;spinner_image&quot;:&quot;https:\/\/brieger.ch\/wp-content\/plugins\/wp-views\/embedded\/res\/img\/ajax-loader.gif&quot;,&quot;callback_next&quot;:&quot;&quot;,&quot;manage_history&quot;:&quot;disabled&quot;,&quot;has_controls_in_form&quot;:&quot;disabled&quot;,&quot;infinite_tolerance&quot;:&quot;0&quot;,&quot;max_pages&quot;:0,&quot;page&quot;:1,&quot;base_permalink&quot;:&quot;\/fr\/wp-json\/wp\/v2\/pages\/40605?wpv_view_count=41508&amp;wpv_paged=WPV_PAGE_NUM&quot;,&quot;loop&quot;:{&quot;type&quot;:&quot;&quot;,&quot;name&quot;:&quot;&quot;,&quot;data&quot;:[],&quot;id&quot;:0}}\" data-permalink=\"\/fr\/wp-json\/wp\/v2\/pages\/40605?wpv_view_count=41508\">\n\n\t\n\t<strong>Nichts passendes gefunden? Kontaktieren Sie uns: <strong>+41 44 497 32 32<\/strong><\/strong>\n<\/div>\n<\/div><div class=\"fusion-clearfix\"><\/div><\/div><\/div><\/div><\/div><\/p>\n","protected":false},"excerpt":{"rendered":"<p>Bo\u00eetes cloches blanches en carton plat de haute qualit\u00e9 avec fond et couvercle. Pour l&#8217;emballage de petits objets ou pour le tri. Ne conviennent pas pour un envoi postal. <\/p>\n","protected":false},"author":1,"featured_media":30943,"parent":40590,"menu_order":5,"comment_status":"closed","ping_status":"closed","template":"","meta":{"_searchwp_excluded":"","footnotes":""},"class_list":["post-40605","page","type-page","status-publish","has-post-thumbnail","hentry"],"_links":{"self":[{"href":"https:\/\/brieger.ch\/fr\/wp-json\/wp\/v2\/pages\/40605","targetHints":{"allow":["GET"]}}],"collection":[{"href":"https:\/\/brieger.ch\/fr\/wp-json\/wp\/v2\/pages"}],"about":[{"href":"https:\/\/brieger.ch\/fr\/wp-json\/wp\/v2\/types\/page"}],"author":[{"embeddable":true,"href":"https:\/\/brieger.ch\/fr\/wp-json\/wp\/v2\/users\/1"}],"replies":[{"embeddable":true,"href":"https:\/\/brieger.ch\/fr\/wp-json\/wp\/v2\/comments?post=40605"}],"version-history":[{"count":1,"href":"https:\/\/brieger.ch\/fr\/wp-json\/wp\/v2\/pages\/40605\/revisions"}],"predecessor-version":[{"id":108786,"href":"https:\/\/brieger.ch\/fr\/wp-json\/wp\/v2\/pages\/40605\/revisions\/108786"}],"up":[{"embeddable":true,"href":"https:\/\/brieger.ch\/fr\/wp-json\/wp\/v2\/pages\/40590"}],"wp:featuredmedia":[{"embeddable":true,"href":"https:\/\/brieger.ch\/fr\/wp-json\/wp\/v2\/media\/30943"}],"wp:attachment":[{"href":"https:\/\/brieger.ch\/fr\/wp-json\/wp\/v2\/media?parent=40605"}],"curies":[{"name":"wp","href":"https:\/\/api.w.org\/{rel}","templated":true}]}}