{"id":40590,"date":"2020-08-04T15:41:03","date_gmt":"2020-08-04T13:41:03","guid":{"rendered":"https:\/\/brieger.hundert1.ch\/?page_id=40590"},"modified":"2026-04-23T12:27:34","modified_gmt":"2026-04-23T10:27:34","slug":"cadeaux","status":"publish","type":"page","link":"https:\/\/brieger.ch\/fr\/cadeaux\/","title":{"rendered":"Emballage cadeau et accessoires pour la pr\u00e9sentation"},"content":{"rendered":"<p><div class=\"fusion-fullwidth fullwidth-box fusion-builder-row-1 nonhundred-percent-fullwidth non-hundred-percent-height-scrolling\" style=\"--awb-border-radius-top-left:0px;--awb-border-radius-top-right:0px;--awb-border-radius-bottom-right:0px;--awb-border-radius-bottom-left:0px;--awb-padding-bottom:0px;--awb-flex-wrap:wrap;\" ><div class=\"fusion-builder-row fusion-row\"><div class=\"fusion-layout-column fusion_builder_column fusion-builder-column-0 fusion_builder_column_1_1 1_1 fusion-one-full fusion-column-first fusion-column-last\" style=\"--awb-bg-size:cover;\"><div class=\"fusion-column-wrapper fusion-flex-column-wrapper-legacy\"><div class=\"fusion-text fusion-text-1\"><p>Une solution de qualit\u00e9 pour l\u2019emballage cadeau est bien plus qu\u2019une simple protection : elle met en valeur le contenu et cr\u00e9e une impression durable. Que ce soit dans le commerce de d\u00e9tail, l\u2019e-commerce ou pour des cadeaux d\u2019entreprise, les emballages cadeaux professionnels jouent un r\u00f4le essentiel lorsqu\u2019il s\u2019agit de pr\u00e9senter des produits de mani\u00e8re attrayante et s\u00e9curis\u00e9e. Chez Brieger Emballages, vous trouverez une large gamme d\u2019emballages cadeaux con\u00e7us pour allier esth\u00e9tique et fonctionnalit\u00e9.<\/p>\n<p>Ceux qui souhaitent proposer un emballage pour cadeau soign\u00e9 ont besoin de mat\u00e9riaux solides et d\u2019un design attractif. Par ailleurs, la durabilit\u00e9 devient un crit\u00e8re de plus en plus important. De nombreuses entreprises recherchent aujourd\u2019hui des emballages cadeaux respectueux de l\u2019environnement. Nos solutions associent qualit\u00e9 visuelle et conscience \u00e9cologique pour r\u00e9pondre aux exigences modernes.<\/p>\n<\/div><div class=\"fusion-clearfix\"><\/div><\/div><\/div><\/div><\/div><div class=\"fusion-fullwidth fullwidth-box fusion-builder-row-2 nonhundred-percent-fullwidth non-hundred-percent-height-scrolling\" style=\"--awb-border-radius-top-left:0px;--awb-border-radius-top-right:0px;--awb-border-radius-bottom-right:0px;--awb-border-radius-bottom-left:0px;--awb-flex-wrap:wrap;\" ><div class=\"fusion-builder-row fusion-row\"><div class=\"fusion-layout-column fusion_builder_column fusion-builder-column-1 fusion_builder_column_1_1 1_1 fusion-one-full fusion-column-first fusion-column-last\" style=\"--awb-bg-size:cover;\"><div class=\"fusion-column-wrapper fusion-column-has-shadow fusion-flex-column-wrapper-legacy\"><div class=\"fusion-text fusion-text-2\"><div id=\"wpv-view-layout-40592\" class=\"js-wpv-view-layout js-wpv-layout-responsive js-wpv-view-layout-40592\" data-viewnumber=\"40592\" data-pagination=\"{&quot;id&quot;:40592,&quot;query&quot;:&quot;normal&quot;,&quot;type&quot;:&quot;disabled&quot;,&quot;effect&quot;:&quot;fade&quot;,&quot;duration&quot;:500,&quot;speed&quot;:5,&quot;pause_on_hover&quot;:&quot;disabled&quot;,&quot;stop_rollover&quot;:&quot;false&quot;,&quot;cache_pages&quot;:&quot;enabled&quot;,&quot;preload_images&quot;:&quot;enabled&quot;,&quot;preload_pages&quot;:&quot;enabled&quot;,&quot;preload_reach&quot;:1,&quot;spinner&quot;:&quot;builtin&quot;,&quot;spinner_image&quot;:&quot;https:\/\/brieger.ch\/wp-content\/plugins\/wp-views\/embedded\/res\/img\/ajax-loader.gif&quot;,&quot;callback_next&quot;:&quot;&quot;,&quot;manage_history&quot;:&quot;disabled&quot;,&quot;has_controls_in_form&quot;:&quot;disabled&quot;,&quot;infinite_tolerance&quot;:&quot;0&quot;,&quot;max_pages&quot;:1,&quot;page&quot;:1,&quot;base_permalink&quot;:&quot;\/fr\/wp-json\/wp\/v2\/pages\/40590?wpv_view_count=40592&amp;wpv_paged=WPV_PAGE_NUM&quot;,&quot;loop&quot;:{&quot;type&quot;:&quot;&quot;,&quot;name&quot;:&quot;&quot;,&quot;data&quot;:[],&quot;id&quot;:0}}\" data-permalink=\"\/fr\/wp-json\/wp\/v2\/pages\/40590?wpv_view_count=40592\">\n\n\t\n\t<div class=\"row \">\n\t\t\t<div class=\"col-sm-3\"><div class=\"productcatsoverview\"><h2 class=\"title-heading-left sameheight\">Corbeilles de pr\u00e9sentation<\/h2> <\/div>\n \n\n<a href=\"https:\/\/brieger.ch\/fr\/cadeaux\/corbeilles-de-presentation\/\" rel=\"noopener noreferrer\">  <img decoding=\"async\" width=\"500\" height=\"500\" src=\"https:\/\/brieger.ch\/wp-content\/uploads\/2020\/02\/praesentkoerbe-38121_1-500x500.jpg\" class=\"attachment-shop_catalog size-shop_catalog\" alt=\"\" srcset=\"https:\/\/brieger.ch\/wp-content\/uploads\/2020\/02\/praesentkoerbe-38121_1-66x66.jpg 66w, https:\/\/brieger.ch\/wp-content\/uploads\/2020\/02\/praesentkoerbe-38121_1-100x100.jpg 100w, https:\/\/brieger.ch\/wp-content\/uploads\/2020\/02\/praesentkoerbe-38121_1-200x200.jpg 200w, https:\/\/brieger.ch\/wp-content\/uploads\/2020\/02\/praesentkoerbe-38121_1-280x280.jpg 280w, https:\/\/brieger.ch\/wp-content\/uploads\/2020\/02\/praesentkoerbe-38121_1-400x400.jpg 400w, https:\/\/brieger.ch\/wp-content\/uploads\/2020\/02\/praesentkoerbe-38121_1-500x500.jpg 500w, https:\/\/brieger.ch\/wp-content\/uploads\/2020\/02\/praesentkoerbe-38121_1-600x600.jpg 600w, https:\/\/brieger.ch\/wp-content\/uploads\/2020\/02\/praesentkoerbe-38121_1-700x700.jpg 700w, https:\/\/brieger.ch\/wp-content\/uploads\/2020\/02\/praesentkoerbe-38121_1-768x768.jpg 768w, https:\/\/brieger.ch\/wp-content\/uploads\/2020\/02\/praesentkoerbe-38121_1.jpg 800w\" sizes=\"(max-width: 500px) 100vw, 500px\" \/><\/a>\n<div class=\"artikelarten\">\n  \n<!-- Passende Artikelarten anzeigen -->\n\n<\/div>\n<div class=\"anzahlartikel\">\n<p class=\"smallcount\">(15)<\/p>\n <\/div>\n<div class=\"fusion-button-wrapper fusion-alignleft\"><a class=\"fusion-button button-flat fusion-button-round button-large button-default button-4\" target=\"_self\" href=\"https:\/\/brieger.ch\/fr\/cadeaux\/corbeilles-de-presentation\/\" rel=\"noopener noreferrer\"><span class=\"fusion-button-text\">Afficher<\/span><\/a><\/div>\n<div style=\"clear:both;\"><\/div>\n<div class=\"overviewabstand\"><\/div><\/div><div class=\"col-sm-3\"><div class=\"productcatsoverview\"><h2 class=\"title-heading-left sameheight\">Emballages cadeaux<\/h2> <\/div>\n \n\n<a href=\"https:\/\/brieger.ch\/fr\/cadeaux\/emballages-cadeaux\/\" rel=\"noopener noreferrer\">  <img decoding=\"async\" width=\"500\" height=\"500\" src=\"https:\/\/brieger.ch\/wp-content\/uploads\/2020\/05\/31272-500x500.jpg\" class=\"attachment-shop_catalog size-shop_catalog\" alt=\"\" srcset=\"https:\/\/brieger.ch\/wp-content\/uploads\/2020\/05\/31272-66x66.jpg 66w, https:\/\/brieger.ch\/wp-content\/uploads\/2020\/05\/31272-100x100.jpg 100w, https:\/\/brieger.ch\/wp-content\/uploads\/2020\/05\/31272-200x200.jpg 200w, https:\/\/brieger.ch\/wp-content\/uploads\/2020\/05\/31272-280x280.jpg 280w, https:\/\/brieger.ch\/wp-content\/uploads\/2020\/05\/31272-400x400.jpg 400w, https:\/\/brieger.ch\/wp-content\/uploads\/2020\/05\/31272-500x500.jpg 500w, https:\/\/brieger.ch\/wp-content\/uploads\/2020\/05\/31272-600x600.jpg 600w, https:\/\/brieger.ch\/wp-content\/uploads\/2020\/05\/31272.jpg 650w\" sizes=\"(max-width: 500px) 100vw, 500px\" \/><\/a>\n<div class=\"artikelarten\">\n  \n<!-- Passende Artikelarten anzeigen -->\n\n<\/div>\n<div class=\"anzahlartikel\">\n<p class=\"smallcount\">(47)<\/p>\n <\/div>\n<div class=\"fusion-button-wrapper fusion-alignleft\"><a class=\"fusion-button button-flat fusion-button-round button-large button-default button-4\" target=\"_self\" href=\"https:\/\/brieger.ch\/fr\/cadeaux\/emballages-cadeaux\/\" rel=\"noopener noreferrer\"><span class=\"fusion-button-text\">Afficher<\/span><\/a><\/div>\n<div style=\"clear:both;\"><\/div>\n<div class=\"overviewabstand\"><\/div><\/div><div class=\"col-sm-3\"><div class=\"productcatsoverview\"><h2 class=\"title-heading-left sameheight\">Sacs en papier<\/h2> <\/div>\n \n\n<a href=\"https:\/\/brieger.ch\/fr\/cadeaux\/sacs-en-papier\/\" rel=\"noopener noreferrer\">  <img decoding=\"async\" width=\"500\" height=\"500\" src=\"https:\/\/brieger.ch\/wp-content\/uploads\/2020\/02\/tragtaschen-12147_41268-500x500.jpg\" class=\"attachment-shop_catalog size-shop_catalog\" alt=\"\" srcset=\"https:\/\/brieger.ch\/wp-content\/uploads\/2020\/02\/tragtaschen-12147_41268-66x66.jpg 66w, https:\/\/brieger.ch\/wp-content\/uploads\/2020\/02\/tragtaschen-12147_41268-100x100.jpg 100w, https:\/\/brieger.ch\/wp-content\/uploads\/2020\/02\/tragtaschen-12147_41268-200x200.jpg 200w, https:\/\/brieger.ch\/wp-content\/uploads\/2020\/02\/tragtaschen-12147_41268-280x280.jpg 280w, https:\/\/brieger.ch\/wp-content\/uploads\/2020\/02\/tragtaschen-12147_41268-400x400.jpg 400w, https:\/\/brieger.ch\/wp-content\/uploads\/2020\/02\/tragtaschen-12147_41268-500x500.jpg 500w, https:\/\/brieger.ch\/wp-content\/uploads\/2020\/02\/tragtaschen-12147_41268-600x600.jpg 600w, https:\/\/brieger.ch\/wp-content\/uploads\/2020\/02\/tragtaschen-12147_41268-700x700.jpg 700w, https:\/\/brieger.ch\/wp-content\/uploads\/2020\/02\/tragtaschen-12147_41268-768x768.jpg 768w, https:\/\/brieger.ch\/wp-content\/uploads\/2020\/02\/tragtaschen-12147_41268.jpg 800w\" sizes=\"(max-width: 500px) 100vw, 500px\" \/><\/a>\n<div class=\"artikelarten\">\n  \n<!-- Passende Artikelarten anzeigen -->\n\n<\/div>\n<div class=\"anzahlartikel\">\n<p class=\"smallcount\">(22)<\/p>\n <\/div>\n<div class=\"fusion-button-wrapper fusion-alignleft\"><a class=\"fusion-button button-flat fusion-button-round button-large button-default button-4\" target=\"_self\" href=\"https:\/\/brieger.ch\/fr\/cadeaux\/sacs-en-papier\/\" rel=\"noopener noreferrer\"><span class=\"fusion-button-text\">Afficher<\/span><\/a><\/div>\n<div style=\"clear:both;\"><\/div>\n<div class=\"overviewabstand\"><\/div><\/div><div class=\"col-sm-3\"><\/div>\n\t\t<\/div>\n\t\n\t\n<\/div>\n<\/div><div class=\"fusion-text fusion-text-3\"><h2><strong>Quels produits vous conviennent?<\/strong><\/h2>\n<p><span style=\"background-color: rgba(0, 0, 0, 0);\">Dans cette cat\u00e9gorie, vous trouverez diff\u00e9rents types d\u2019emballages cadeaux professionnels, adapt\u00e9s selon l\u2019occasion, le produit et la client\u00e8le cible. Vous trouverez ci-dessous un aper\u00e7u des principales sous-cat\u00e9gories afin de choisir le meilleur emballage pour cadeau pour votre activit\u00e9.<\/span><\/p>\n<p><div class=\"fusion-title title fusion-title-1 fusion-title-text fusion-title-size-three\" style=\"--awb-sep-color:var(--awb-color6);\"><h3 class=\"fusion-title-heading title-heading-left\" style=\"margin:0;\">Corbeilles de pr\u00e9sentation<br \/><\/h3><span class=\"awb-title-spacer\"><\/span><div class=\"title-sep-container\"><div class=\"title-sep sep-single sep-solid\" style=\"border-color:var(--awb-color6);\"><\/div><\/div><\/div><div class=\"fusion-text fusion-text-3\"><\/div><\/p>\n<p><a href=\"https:\/\/brieger.ch\/fr\/cadeaux\/corbeilles-de-presentation\/\">Les corbeilles de pr\u00e9sentation<\/a> sont parfaits pour combiner plusieurs produits dans une pr\u00e9sentation harmonieuse. Ils conviennent particuli\u00e8rement aux cadeaux d\u2019entreprise, aux offres saisonni\u00e8res ou aux produits haut de gamme. Une boite cadeau robuste permet de maintenir les articles en place et d\u2019assurer une pr\u00e9sentation \u00e9l\u00e9gante. Les entreprises qui souhaitent proposer des emballages cadeaux professionnels appr\u00e9cient cette solution polyvalente.<\/p>\n<\/div>\n<div class=\"fusion-title title fusion-title-2 fusion-title-text fusion-title-size-three\" style=\"--awb-sep-color:var(--awb-color6);\"><h3 class=\"fusion-title-heading title-heading-left\" style=\"margin:0;\">Emballages cadeaux classiques<br \/><\/h3><span class=\"awb-title-spacer\"><\/span><div class=\"title-sep-container\"><div class=\"title-sep sep-single sep-solid\" style=\"border-color:var(--awb-color6);\"><\/div><\/div><\/div><div class=\"fusion-text fusion-text-5\"><p><a href=\"https:\/\/brieger.ch\/fr\/cadeaux\/emballages-cadeaux\/\">Les solutions d\u2019emballage cadeau<\/a> classiques offrent \u00e0 la fois protection et \u00e9l\u00e9gance. Qu\u2019il s\u2019agisse de produits individuels ou de coffrets, des boites pour cadeaux de qualit\u00e9 garantissent stabilit\u00e9 et image professionnelle. Une boite cadeau bien con\u00e7ue valorise le produit tout en renfor\u00e7ant l\u2019identit\u00e9 de la marque.<\/p>\n<\/div>\n<div class=\"fusion-title title fusion-title-3 fusion-title-text fusion-title-size-three\" style=\"--awb-text-color:#ce5400;--awb-sep-color:var(--awb-color6);\"><h3 class=\"fusion-title-heading title-heading-left\" style=\"margin:0;\">Sacs et sachets<br \/><\/h3><span class=\"awb-title-spacer\"><\/span><div class=\"title-sep-container\"><div class=\"title-sep sep-single sep-solid\" style=\"border-color:var(--awb-color6);\"><\/div><\/div><\/div><div class=\"fusion-text fusion-text-6\"><p><a href=\"https:\/\/brieger.ch\/fr\/cadeaux\/sacs-en-papier\/\">Les sacs et sachets<\/a> repr\u00e9sentent une solution pratique pour le commerce de d\u00e9tail. Ils facilitent le transport tout en compl\u00e9tant l\u2019emballage pour cadeau principal. Un sac cadeau solide et esth\u00e9tique contribue \u00e0 une exp\u00e9rience client positive, notamment dans les boutiques sp\u00e9cialis\u00e9es.<\/p>\n<\/div>\n<div class=\"fusion-title title fusion-title-4 fusion-title-text fusion-title-size-three\" style=\"--awb-text-color:#ce5400;--awb-sep-color:var(--awb-color6);\"><h3 class=\"fusion-title-heading title-heading-left\" style=\"margin:0;\">Emballages boutique<\/h3><span class=\"awb-title-spacer\"><\/span><div class=\"title-sep-container\"><div class=\"title-sep sep-single sep-solid\" style=\"border-color:var(--awb-color6);\"><\/div><\/div><\/div><div class=\"fusion-text fusion-text-7\"><p><a href=\"https:\/\/brieger.ch\/fr\/cadeaux\/emballages-boutique\/\">Les emballages boutique<\/a> se distinguent par leur design exclusif et leur finition soign\u00e9e. Les boites pour cadeaux \u00e9l\u00e9gantes permettent de pr\u00e9senter des produits tels que v\u00eatements, accessoires ou articles premium de mani\u00e8re raffin\u00e9e. Pour compl\u00e9ter la pr\u00e9sentation, le papier cadeau reste un \u00e9l\u00e9ment essentiel, offrant une touche d\u00e9corative suppl\u00e9mentaire.&nbsp;<\/p>\n<p>&nbsp;<\/p>\n<\/div><div class=\"fusion-text fusion-text-8\"><h2>\u00c0 quoi servent les emballages?<\/h2>\n<p>Les emballages cadeaux sont utilis\u00e9s partout o\u00f9 les produits doivent \u00eatre prot\u00e9g\u00e9s et pr\u00e9sent\u00e9s de mani\u00e8re repr\u00e9sentative. Que ce soit pour No\u00ebl, un anniversaire d\u2019entreprise, un \u00e9v\u00e9nement ou un cadeau client, un emballage cadeau adapt\u00e9 renforce la valeur per\u00e7ue du produit.<br \/>\nUn emballage pour cadeau de qualit\u00e9 prot\u00e8ge les articles contre les dommages et am\u00e9liore l\u2019image de marque. Dans le commerce en ligne, les emballages cadeaux professionnels contribuent \u00e0 une exp\u00e9rience d\u2019unboxing m\u00e9morable. Le papier cadeau peut \u00e9galement \u00eatre utilis\u00e9 pour personnaliser davantage la pr\u00e9sentation.<br \/>\nAu-del\u00e0 de l\u2019esth\u00e9tique, la rentabilit\u00e9 joue un r\u00f4le important. Les entreprises recherchent des boites pour cadeaux abordables, mais qualitatives, afin d\u2019optimiser leurs co\u00fbts tout en maintenant une image professionnelle.<\/p>\n<h2>\u00c0 qui s\u2019adresse cette cat\u00e9gorie?<\/h2>\n<p>Cette cat\u00e9gorie s\u2019adresse aux d\u00e9taillants, boutiques, e-commer\u00e7ants et entreprises qui proposent r\u00e9guli\u00e8rement des cadeaux. Dans le segment premium, un emballage cadeau soign\u00e9 est indispensable pour refl\u00e9ter la qualit\u00e9 du produit.<br \/>\nLes restaurants, cavistes ou magasins sp\u00e9cialis\u00e9s b\u00e9n\u00e9ficient \u00e9galement d\u2019emballages cadeaux professionnels attrayants. Les entreprises offrant des cadeaux d\u2019entreprise utilisent des boites pour cadeaux \u00e9l\u00e9gantes pour exprimer leur reconnaissance. L\u2019ajout d\u2019un papier cadeau raffin\u00e9 ou d\u2019une pochette cadeau personnalis\u00e9e permet de renforcer l\u2019image de marque.<\/p>\n<h2>Acheter vos emballages cadeaux chez Brieger Emballages<\/h2>\n<p>Si vous recherchez des emballages cadeaux professionnels, Brieger Emballages est votre partenaire de confiance. Nous proposons une large s\u00e9lection d\u2019emballages cadeaux combinant design, fonctionnalit\u00e9 et durabilit\u00e9.<br \/>\nNos solutions incluent des boites pour cadeaux robustes, du papier cadeau de qualit\u00e9 et des options personnalisables. Chaque emballage pour cadeau est con\u00e7u \u00e0 partir de mat\u00e9riaux r\u00e9sistants et recyclables, r\u00e9pondant aux normes environnementales actuelles.<br \/>\nGr\u00e2ce \u00e0 notre expertise, nous accompagnons les entreprises dans le choix de la meilleure boite cadeau ou de la solution la plus adapt\u00e9e \u00e0 leurs besoins. Nos produits sont disponibles en diff\u00e9rents formats, designs et finitions.<br \/>\nEn choisissant Brieger Emballages, vous optez pour qualit\u00e9, fiabilit\u00e9 et respect de l\u2019environnement. Que vous souhaitiez utiliser une pochette cadeau, une boite cadeau ou du papier cadeau, nous vous proposons des solutions adapt\u00e9es \u00e0 chaque occasion et \u00e0 chaque exigence professionnelle.<\/p>\n<h2><strong>FAQ<\/strong><\/h2>\n<h3>Quels types d\u2019emballages cadeaux propose Brieger Emballages?<\/h3>\n<p>Brieger Emballages propose diff\u00e9rentes solutions d\u2019emballage pour cadeaux, notamment des corbeilles de pr\u00e9sentation, des coffrets cadeaux, des sacs en papier et des emballages boutique. Ces produits conviennent aussi bien pour des cadeaux d\u2019entreprise que pour la vente en magasin ou les occasions sp\u00e9ciales.<\/p>\n<h3>Proposez-vous des emballages cadeaux pour les entreprises (B2B)?<\/h3>\n<p>Absolument. Nos emballages cadeaux conviennent parfaitement aux cadeaux d\u2019entreprise, aux actions promotionnelles, aux \u00e9v\u00e9nements professionnels ou aux p\u00e9riodes festives comme No\u00ebl. Nous proposons des solutions adapt\u00e9es aux commandes en volume.<\/p>\n<h3><strong>Les emballages sont-ils disponibles en diff\u00e9rentes tailles?<\/strong><\/h3>\n<p>Oui, nos emballages cadeaux et sacs sont disponibles en plusieurs formats afin de s\u2019adapter \u00e0 diff\u00e9rents types de produits, des petits articles aux coffrets plus volumineux.<\/p>\n<h3><strong>Quels sont les avantages des emballages cadeaux en carton?<\/strong><\/h3>\n<p>Les emballages cadeaux en carton offrent une excellente stabilit\u00e9 tout en restant l\u00e9gers et faciles \u00e0 manipuler. Ils permettent une pr\u00e9sentation soign\u00e9e des produits et sont souvent recyclables, ce qui en fait une solution \u00e0 la fois pratique et respectueuse de l\u2019environnement.<\/p>\n<h3><strong>Existe-t-il des solutions \u00e9l\u00e9gantes pour des cadeaux haut de gamme?<\/strong><\/h3>\n<p><span style=\"font-weight: 400;\">Oui, nous proposons des coffrets et emballages boutique au design raffin\u00e9, parfaits pour des produits premium. Ces solutions mettent en valeur le contenu et renforcent la perception de qualit\u00e9.<\/span><\/p>\n<\/div><div class=\"fusion-clearfix\"><\/div><\/div><\/div><\/div><\/div><\/p>\n","protected":false},"excerpt":{"rendered":"","protected":false},"author":1,"featured_media":0,"parent":0,"menu_order":5,"comment_status":"closed","ping_status":"closed","template":"","meta":{"_searchwp_excluded":"","footnotes":""},"class_list":["post-40590","page","type-page","status-publish","hentry"],"_links":{"self":[{"href":"https:\/\/brieger.ch\/fr\/wp-json\/wp\/v2\/pages\/40590","targetHints":{"allow":["GET"]}}],"collection":[{"href":"https:\/\/brieger.ch\/fr\/wp-json\/wp\/v2\/pages"}],"about":[{"href":"https:\/\/brieger.ch\/fr\/wp-json\/wp\/v2\/types\/page"}],"author":[{"embeddable":true,"href":"https:\/\/brieger.ch\/fr\/wp-json\/wp\/v2\/users\/1"}],"replies":[{"embeddable":true,"href":"https:\/\/brieger.ch\/fr\/wp-json\/wp\/v2\/comments?post=40590"}],"version-history":[{"count":4,"href":"https:\/\/brieger.ch\/fr\/wp-json\/wp\/v2\/pages\/40590\/revisions"}],"predecessor-version":[{"id":109981,"href":"https:\/\/brieger.ch\/fr\/wp-json\/wp\/v2\/pages\/40590\/revisions\/109981"}],"wp:attachment":[{"href":"https:\/\/brieger.ch\/fr\/wp-json\/wp\/v2\/media?parent=40590"}],"curies":[{"name":"wp","href":"https:\/\/api.w.org\/{rel}","templated":true}]}}