{"id":109553,"date":"2018-11-29T21:24:05","date_gmt":"2018-11-29T20:24:05","guid":{"rendered":"https:\/\/brieger.ch\/?page_id=109553"},"modified":"2026-04-08T15:41:35","modified_gmt":"2026-04-08T13:41:35","slug":"questions-reponses","status":"publish","type":"page","link":"https:\/\/brieger.ch\/fr\/questions-reponses\/","title":{"rendered":"Foire aux questions sur nos solutions d\u2019emballage"},"content":{"rendered":"<p><div class=\"fusion-fullwidth fullwidth-box fusion-builder-row-1 nonhundred-percent-fullwidth non-hundred-percent-height-scrolling\" style=\"--awb-border-radius-top-left:0px;--awb-border-radius-top-right:0px;--awb-border-radius-bottom-right:0px;--awb-border-radius-bottom-left:0px;--awb-flex-wrap:wrap;\" ><div class=\"fusion-builder-row fusion-row\"><div class=\"fusion-layout-column fusion_builder_column fusion-builder-column-0 fusion_builder_column_4_5 4_5 fusion-four-fifth fusion-column-first\" style=\"--awb-bg-blend:overlay;--awb-bg-size:cover;width:80%;width:calc(80% - ( ( 4% ) * 0.8 ) );margin-right: 4%;\"><div class=\"fusion-column-wrapper fusion-flex-column-wrapper-legacy\"><div class=\"fusion-text fusion-text-1\"><p> En tant que fournisseur de solutions d&#8217;emballage, nous accompagnons les entreprises avec des produits bien con\u00e7us pour l&rsquo;exp\u00e9dition, la protection et la pr\u00e9sentation de leurs marchandises. Nos emballages sont adapt\u00e9s aux besoins des entreprises modernes. <\/p>\n<\/div><div class=\"accordian fusion-accordian\" style=\"--awb-border-size:1px;--awb-icon-size:13px;--awb-content-font-size:14px;--awb-icon-alignment:left;--awb-hover-color:#f9f9f9;--awb-border-color:#cccccc;--awb-background-color:#ffffff;--awb-divider-color:#e0dede;--awb-divider-hover-color:#e0dede;--awb-icon-color:#ffffff;--awb-title-color:#ce5400;--awb-content-color:#747474;--awb-icon-box-color:#333333;--awb-toggle-hover-accent-color:#ce5400;--awb-title-font-family:&quot;Helvetica Neue Bold&quot;;--awb-title-font-weight:400;--awb-title-font-style:normal;--awb-content-font-family:&quot;Helvetica Neue Roman&quot;;--awb-content-font-style:normal;--awb-content-font-weight:400;\"><div class=\"panel-group fusion-toggle-icon-boxed\" id=\"accordion-109553-1\"><div class=\"fusion-panel panel-default panel-8235f7f3d01f68879 fusion-toggle-has-divider\"><div class=\"panel-heading\"><h4 class=\"panel-title toggle\" id=\"toggle_8235f7f3d01f68879\"><a aria-expanded=\"false\" aria-controls=\"8235f7f3d01f68879\" role=\"button\" data-toggle=\"collapse\" data-parent=\"#accordion-109553-1\" data-target=\"#8235f7f3d01f68879\" href=\"#8235f7f3d01f68879\"><span class=\"fusion-toggle-icon-wrapper\" aria-hidden=\"true\"><i class=\"fa-fusion-box active-icon awb-icon-minus\" aria-hidden=\"true\"><\/i><i class=\"fa-fusion-box inactive-icon awb-icon-plus\" aria-hidden=\"true\"><\/i><\/span><span class=\"fusion-toggle-heading\">\u00c0 quels types de clients s\u2019adressent vos solutions d\u2019emballage?<\/span><\/a><\/h4><\/div><div id=\"8235f7f3d01f68879\" class=\"panel-collapse collapse \" aria-labelledby=\"toggle_8235f7f3d01f68879\"><div class=\"panel-body toggle-content fusion-clearfix\"> <span style=\"font-weight: 400;\">Nos solutions d\u2019emballage s\u2019adressent aux entreprises, commerces, artisans et professionnels \u00e0 la recherche d\u2019un fournisseur d\u2019emballage professionnel capable de r\u00e9pondre \u00e0 des besoins r\u00e9guliers et exigeants. Elles conviennent aussi bien aux petites structures qu\u2019aux entreprises \u00e9tablies avec des volumes constants. Les formats et usages propos\u00e9s sont pens\u00e9s pour l\u2019exp\u00e9dition, la protection et la pr\u00e9sentation des produits dans un cadre professionnel.<\/span> <\/div><\/div><\/div><\/div><\/div><div class=\"accordian fusion-accordian\" style=\"--awb-border-size:1px;--awb-icon-size:13px;--awb-content-font-size:14px;--awb-icon-alignment:left;--awb-hover-color:#f9f9f9;--awb-border-color:#cccccc;--awb-background-color:#ffffff;--awb-divider-color:#e0dede;--awb-divider-hover-color:#e0dede;--awb-icon-color:#ffffff;--awb-title-color:#ce5400;--awb-content-color:#747474;--awb-icon-box-color:#333333;--awb-toggle-hover-accent-color:#ce5400;--awb-title-font-family:&quot;Helvetica Neue Bold&quot;;--awb-title-font-weight:400;--awb-title-font-style:normal;--awb-content-font-family:&quot;Helvetica Neue Roman&quot;;--awb-content-font-style:normal;--awb-content-font-weight:400;\"><div class=\"panel-group fusion-toggle-icon-boxed\" id=\"accordion-109553-2\"><div class=\"fusion-panel panel-default panel-9821a536ebd008781 fusion-toggle-has-divider\"><div class=\"panel-heading\"><h4 class=\"panel-title toggle\" id=\"toggle_9821a536ebd008781\"><a aria-expanded=\"false\" aria-controls=\"9821a536ebd008781\" role=\"button\" data-toggle=\"collapse\" data-parent=\"#accordion-109553-2\" data-target=\"#9821a536ebd008781\" href=\"#9821a536ebd008781\"><span class=\"fusion-toggle-icon-wrapper\" aria-hidden=\"true\"><i class=\"fa-fusion-box active-icon awb-icon-minus\" aria-hidden=\"true\"><\/i><i class=\"fa-fusion-box inactive-icon awb-icon-plus\" aria-hidden=\"true\"><\/i><\/span><span class=\"fusion-toggle-heading\">Quels types d\u2019emballages proposez-vous?<\/span><\/a><\/h4><\/div><div id=\"9821a536ebd008781\" class=\"panel-collapse collapse \" aria-labelledby=\"toggle_9821a536ebd008781\"><div class=\"panel-body toggle-content fusion-clearfix\"> <span style=\"font-weight: 400;\">En tant que grossiste en emballage, nous proposons une large gamme de solutions adapt\u00e9es aux besoins des professionnels, incluant l\u2019envoi postal, les emballages pour bouteilles, les emballages cadeaux et les usages alimentaires. Notre offre comprend \u00e9galement diff\u00e9rents types de bo\u00eetes et de cartons, disponibles en plusieurs formats pour r\u00e9pondre aux usages quotidiens des entreprises.<\/span> <\/div><\/div><\/div><\/div><\/div><div class=\"accordian fusion-accordian\" style=\"--awb-border-size:1px;--awb-icon-size:13px;--awb-content-font-size:14px;--awb-icon-alignment:left;--awb-hover-color:#f9f9f9;--awb-border-color:#cccccc;--awb-background-color:#ffffff;--awb-divider-color:#e0dede;--awb-divider-hover-color:#e0dede;--awb-icon-color:#ffffff;--awb-title-color:#ce5400;--awb-content-color:#747474;--awb-icon-box-color:#333333;--awb-toggle-hover-accent-color:#ce5400;--awb-title-font-family:&quot;Helvetica Neue Bold&quot;;--awb-title-font-weight:400;--awb-title-font-style:normal;--awb-content-font-family:&quot;Helvetica Neue Roman&quot;;--awb-content-font-style:normal;--awb-content-font-weight:400;\"><div class=\"panel-group fusion-toggle-icon-boxed\" id=\"accordion-109553-3\"><div class=\"fusion-panel panel-default panel-64e450ff9ad0048d4 fusion-toggle-has-divider\"><div class=\"panel-heading\"><h4 class=\"panel-title toggle\" id=\"toggle_64e450ff9ad0048d4\"><a aria-expanded=\"false\" aria-controls=\"64e450ff9ad0048d4\" role=\"button\" data-toggle=\"collapse\" data-parent=\"#accordion-109553-3\" data-target=\"#64e450ff9ad0048d4\" href=\"#64e450ff9ad0048d4\"><span class=\"fusion-toggle-icon-wrapper\" aria-hidden=\"true\"><i class=\"fa-fusion-box active-icon awb-icon-minus\" aria-hidden=\"true\"><\/i><i class=\"fa-fusion-box inactive-icon awb-icon-plus\" aria-hidden=\"true\"><\/i><\/span><span class=\"fusion-toggle-heading\">Puis-je commander en grande quantit\u00e9?<\/span><\/a><\/h4><\/div><div id=\"64e450ff9ad0048d4\" class=\"panel-collapse collapse \" aria-labelledby=\"toggle_64e450ff9ad0048d4\"><div class=\"panel-body toggle-content fusion-clearfix\"> <span style=\"font-weight: 400;\">Oui. Nos solutions d\u2019emballage en gros sont con\u00e7ues pour r\u00e9pondre aux commandes professionnelles et aux besoins r\u00e9currents des entreprises. Elles conviennent aussi bien aux volumes r\u00e9guliers qu\u2019aux approvisionnements planifi\u00e9s, permettant une gestion efficace des achats gr\u00e2ce \u00e0 des formats standardis\u00e9s et une offre adapt\u00e9e \u00e0 un usage continu.<\/span> <\/div><\/div><\/div><\/div><\/div><div class=\"accordian fusion-accordian\" style=\"--awb-border-size:1px;--awb-icon-size:13px;--awb-content-font-size:14px;--awb-icon-alignment:left;--awb-hover-color:#f9f9f9;--awb-border-color:#cccccc;--awb-background-color:#ffffff;--awb-divider-color:#e0dede;--awb-divider-hover-color:#e0dede;--awb-icon-color:#ffffff;--awb-title-color:#ce5400;--awb-content-color:#747474;--awb-icon-box-color:#333333;--awb-toggle-hover-accent-color:#ce5400;--awb-title-font-family:&quot;Helvetica Neue Bold&quot;;--awb-title-font-weight:400;--awb-title-font-style:normal;--awb-content-font-family:&quot;Helvetica Neue Roman&quot;;--awb-content-font-style:normal;--awb-content-font-weight:400;\"><div class=\"panel-group fusion-toggle-icon-boxed\" id=\"accordion-109553-4\"><div class=\"fusion-panel panel-default panel-53c46cfad0d2cf20c fusion-toggle-has-divider\"><div class=\"panel-heading\"><h4 class=\"panel-title toggle\" id=\"toggle_53c46cfad0d2cf20c\"><a aria-expanded=\"false\" aria-controls=\"53c46cfad0d2cf20c\" role=\"button\" data-toggle=\"collapse\" data-parent=\"#accordion-109553-4\" data-target=\"#53c46cfad0d2cf20c\" href=\"#53c46cfad0d2cf20c\"><span class=\"fusion-toggle-icon-wrapper\" aria-hidden=\"true\"><i class=\"fa-fusion-box active-icon awb-icon-minus\" aria-hidden=\"true\"><\/i><i class=\"fa-fusion-box inactive-icon awb-icon-plus\" aria-hidden=\"true\"><\/i><\/span><span class=\"fusion-toggle-heading\">Vos emballages conviennent-ils \u00e0 l\u2019exp\u00e9dition et au stockage?<\/span><\/a><\/h4><\/div><div id=\"53c46cfad0d2cf20c\" class=\"panel-collapse collapse \" aria-labelledby=\"toggle_53c46cfad0d2cf20c\"><div class=\"panel-body toggle-content fusion-clearfix\"> <span style=\"font-weight: 400;\">Absolument. Nos emballages pour les entreprises assurent une protection fiable des produits aussi bien lors du stockage que pendant le transport. Ils r\u00e9pondent aux exigences professionnelles en mati\u00e8re de r\u00e9sistance, de stabilit\u00e9 et de s\u00e9curit\u00e9 afin de pr\u00e9server les marchandises tout au long de la cha\u00eene logistique.<\/span> <\/div><\/div><\/div><\/div><\/div><div class=\"accordian fusion-accordian\" style=\"--awb-border-size:1px;--awb-icon-size:13px;--awb-content-font-size:14px;--awb-icon-alignment:left;--awb-hover-color:#f9f9f9;--awb-border-color:#cccccc;--awb-background-color:#ffffff;--awb-divider-color:#e0dede;--awb-divider-hover-color:#e0dede;--awb-icon-color:#ffffff;--awb-title-color:#ce5400;--awb-content-color:#747474;--awb-icon-box-color:#333333;--awb-toggle-hover-accent-color:#ce5400;--awb-title-font-family:&quot;Helvetica Neue Bold&quot;;--awb-title-font-weight:400;--awb-title-font-style:normal;--awb-content-font-family:&quot;Helvetica Neue Roman&quot;;--awb-content-font-style:normal;--awb-content-font-weight:400;\"><div class=\"panel-group fusion-toggle-icon-boxed\" id=\"accordion-109553-5\"><div class=\"fusion-panel panel-default panel-f2da79ea95d2f8cbd fusion-toggle-has-divider\"><div class=\"panel-heading\"><h4 class=\"panel-title toggle\" id=\"toggle_f2da79ea95d2f8cbd\"><a aria-expanded=\"false\" aria-controls=\"f2da79ea95d2f8cbd\" role=\"button\" data-toggle=\"collapse\" data-parent=\"#accordion-109553-5\" data-target=\"#f2da79ea95d2f8cbd\" href=\"#f2da79ea95d2f8cbd\"><span class=\"fusion-toggle-icon-wrapper\" aria-hidden=\"true\"><i class=\"fa-fusion-box active-icon awb-icon-minus\" aria-hidden=\"true\"><\/i><i class=\"fa-fusion-box inactive-icon awb-icon-plus\" aria-hidden=\"true\"><\/i><\/span><span class=\"fusion-toggle-heading\">Proposez-vous des solutions adapt\u00e9es \u00e0 diff\u00e9rents secteurs d\u2019activit\u00e9?<\/span><\/a><\/h4><\/div><div id=\"f2da79ea95d2f8cbd\" class=\"panel-collapse collapse \" aria-labelledby=\"toggle_f2da79ea95d2f8cbd\"><div class=\"panel-body toggle-content fusion-clearfix\"> <span style=\"font-weight: 400;\">Oui. Nos cat\u00e9gories d\u2019emballage sont con\u00e7ues pour r\u00e9pondre aux besoins du commerce, de la restauration, de l\u2019e-commerce et d\u2019autres secteurs professionnels. Elles tiennent compte des contraintes sp\u00e9cifiques \u00e0 chaque activit\u00e9, qu\u2019il s\u2019agisse de transport, de stockage, de protection ou de pr\u00e9sentation des produits.<\/span> <\/div><\/div><\/div><\/div><\/div><div class=\"accordian fusion-accordian\" style=\"--awb-border-size:1px;--awb-icon-size:13px;--awb-content-font-size:14px;--awb-icon-alignment:left;--awb-hover-color:#f9f9f9;--awb-border-color:#cccccc;--awb-background-color:#ffffff;--awb-divider-color:#e0dede;--awb-divider-hover-color:#e0dede;--awb-icon-color:#ffffff;--awb-title-color:#ce5400;--awb-content-color:#747474;--awb-icon-box-color:#333333;--awb-toggle-hover-accent-color:#ce5400;--awb-title-font-family:&quot;Helvetica Neue Bold&quot;;--awb-title-font-weight:400;--awb-title-font-style:normal;--awb-content-font-family:&quot;Helvetica Neue Roman&quot;;--awb-content-font-style:normal;--awb-content-font-weight:400;\"><div class=\"panel-group fusion-toggle-icon-boxed\" id=\"accordion-109553-6\"><div class=\"fusion-panel panel-default panel-274c7127f307e0c36 fusion-toggle-has-divider\"><div class=\"panel-heading\"><h4 class=\"panel-title toggle\" id=\"toggle_274c7127f307e0c36\"><a aria-expanded=\"false\" aria-controls=\"274c7127f307e0c36\" role=\"button\" data-toggle=\"collapse\" data-parent=\"#accordion-109553-6\" data-target=\"#274c7127f307e0c36\" href=\"#274c7127f307e0c36\"><span class=\"fusion-toggle-icon-wrapper\" aria-hidden=\"true\"><i class=\"fa-fusion-box active-icon awb-icon-minus\" aria-hidden=\"true\"><\/i><i class=\"fa-fusion-box inactive-icon awb-icon-plus\" aria-hidden=\"true\"><\/i><\/span><span class=\"fusion-toggle-heading\">Vos solutions d\u2019emballage sont-elles adapt\u00e9es aux produits fragiles?<\/span><\/a><\/h4><\/div><div id=\"274c7127f307e0c36\" class=\"panel-collapse collapse \" aria-labelledby=\"toggle_274c7127f307e0c36\"><div class=\"panel-body toggle-content fusion-clearfix\"> <span style=\"font-weight: 400;\">Oui. Certaines solutions sont sp\u00e9cialement con\u00e7ues pour assurer une protection renforc\u00e9e des produits fragiles et sensibles, aussi bien pendant le transport que lors du stockage. Elles permettent de limiter les risques li\u00e9s aux chocs, aux manipulations et aux d\u00e9placements fr\u00e9quents dans un contexte professionnel.<\/span> <\/div><\/div><\/div><\/div><\/div><div class=\"fusion-clearfix\"><\/div><\/div><\/div><\/div><div class=\"fusion-builder-row fusion-row\"><\/div><\/div><div id=\"zertifikate\" class=\"fusion-container-anchor\"><div class=\"fusion-fullwidth fullwidth-box fusion-builder-row-2 nonhundred-percent-fullwidth non-hundred-percent-height-scrolling\" style=\"--awb-border-radius-top-left:0px;--awb-border-radius-top-right:0px;--awb-border-radius-bottom-right:0px;--awb-border-radius-bottom-left:0px;--awb-padding-bottom:50px;--awb-margin-top:80px;--awb-flex-wrap:wrap;\" ><div class=\"fusion-builder-row fusion-row\"><div class=\"fusion-layout-column fusion_builder_column fusion-builder-column-1 fusion_builder_column_1_1 1_1 fusion-one-full fusion-column-first fusion-column-last\" style=\"--awb-bg-size:cover;\"><div class=\"fusion-column-wrapper fusion-column-has-shadow fusion-flex-column-wrapper-legacy\"><div class=\"fusion-sep-clear\"><\/div><div class=\"fusion-separator fusion-full-width-sep\" style=\"margin-left: auto;margin-right: auto;margin-top:25px;width:100%;\"><div class=\"fusion-separator-border sep-single sep-solid\" style=\"--awb-height:20px;--awb-amount:20px;border-color:#e0dede;border-top-width:1px;\"><\/div><\/div><div class=\"fusion-sep-clear\"><\/div><div class=\"fusion-clearfix\"><\/div><\/div><\/div><div class=\"fusion-layout-column fusion_builder_column fusion-builder-column-2 fusion_builder_column_1_1 1_1 fusion-one-full fusion-column-first fusion-column-last\" style=\"--awb-bg-size:cover;\"><div class=\"fusion-column-wrapper fusion-column-has-shadow fusion-flex-column-wrapper-legacy\"><div class=\"fusion-title title fusion-title-1 fusion-sep-none fusion-title-text fusion-title-size-one\" style=\"--awb-font-size:20px;\"><h1 class=\"fusion-title-heading title-heading-left\" style=\"margin:0;font-size:1em;\">Zertifikate<\/h1><\/div><div class=\"fusion-clearfix\"><\/div><\/div><\/div><div class=\"fusion-layout-column fusion_builder_column fusion-builder-column-3 fusion_builder_column_1_6 1_6 fusion-one-sixth fusion-column-first\" style=\"--awb-bg-size:cover;width:16.666666666667%;width:calc(16.666666666667% - ( ( 4% + 4% + 4% + 4% + 4% ) * 0.16666666666667 ) );margin-right: 4%;\"><div class=\"fusion-column-wrapper fusion-column-has-shadow fusion-flex-column-wrapper-legacy\"><div class=\"fusion-image-element in-legacy-container\" style=\"--awb-caption-title-font-family:var(--h2_typography-font-family);--awb-caption-title-font-weight:var(--h2_typography-font-weight);--awb-caption-title-font-style:var(--h2_typography-font-style);--awb-caption-title-size:var(--h2_typography-font-size);--awb-caption-title-transform:var(--h2_typography-text-transform);--awb-caption-title-line-height:var(--h2_typography-line-height);--awb-caption-title-letter-spacing:var(--h2_typography-letter-spacing);\"><span class=\" fusion-imageframe imageframe-none imageframe-1 hover-type-none\"><a class=\"fusion-no-lightbox\" href=\"https:\/\/brieger.ch\/wp-content\/uploads\/2025\/04\/BOURQUIN-Partnerurkunde-24-25_DE-1.pdf\" target=\"_blank\" aria-label=\"climate-partner\" rel=\"noopener noreferrer\"><img decoding=\"async\" width=\"400\" height=\"250\" src=\"https:\/\/brieger.ch\/wp-content\/uploads\/2020\/01\/climate-partner-1.jpg\" alt class=\"img-responsive wp-image-27200\" srcset=\"https:\/\/brieger.ch\/wp-content\/uploads\/2020\/01\/climate-partner-1-200x125.jpg 200w, https:\/\/brieger.ch\/wp-content\/uploads\/2020\/01\/climate-partner-1.jpg 400w\" sizes=\"(max-width: 800px) 100vw, 200px\" \/><\/a><\/span><\/div><div class=\"fusion-clearfix\"><\/div><\/div><\/div><div class=\"fusion-layout-column fusion_builder_column fusion-builder-column-4 fusion_builder_column_1_6 1_6 fusion-one-sixth\" style=\"--awb-bg-size:cover;width:16.666666666667%;width:calc(16.666666666667% - ( ( 4% + 4% + 4% + 4% + 4% ) * 0.16666666666667 ) );margin-right: 4%;\"><div class=\"fusion-column-wrapper fusion-column-has-shadow fusion-flex-column-wrapper-legacy\"><div class=\"fusion-image-element in-legacy-container\" style=\"--awb-caption-title-font-family:var(--h2_typography-font-family);--awb-caption-title-font-weight:var(--h2_typography-font-weight);--awb-caption-title-font-style:var(--h2_typography-font-style);--awb-caption-title-size:var(--h2_typography-font-size);--awb-caption-title-transform:var(--h2_typography-text-transform);--awb-caption-title-line-height:var(--h2_typography-line-height);--awb-caption-title-letter-spacing:var(--h2_typography-letter-spacing);\"><span class=\" fusion-imageframe imageframe-none imageframe-2 hover-type-none\"><a class=\"fusion-no-lightbox\" href=\"https:\/\/brieger.ch\/wp-content\/uploads\/2025\/04\/Zertifikat-ISO-9001-ISO-14001-ISO-45001-Bourquin-SA_signed-ALL-1.pdf\" target=\"_blank\" aria-label=\"ISO_Logo\" rel=\"noopener noreferrer\"><img decoding=\"async\" width=\"400\" height=\"250\" alt=\"ISO_Logo\" src=\"https:\/\/brieger.ch\/wp-content\/uploads\/2023\/01\/ISO_Logo.jpg\" class=\"img-responsive wp-image-74289\" srcset=\"https:\/\/brieger.ch\/wp-content\/uploads\/2023\/01\/ISO_Logo-200x125.jpg 200w, https:\/\/brieger.ch\/wp-content\/uploads\/2023\/01\/ISO_Logo.jpg 400w\" sizes=\"(max-width: 800px) 100vw, 200px\" \/><\/a><\/span><\/div><div class=\"fusion-clearfix\"><\/div><\/div><\/div><div class=\"fusion-layout-column fusion_builder_column fusion-builder-column-5 fusion_builder_column_1_6 1_6 fusion-one-sixth\" style=\"--awb-bg-size:cover;width:16.666666666667%;width:calc(16.666666666667% - ( ( 4% + 4% + 4% + 4% + 4% ) * 0.16666666666667 ) );margin-right: 4%;\"><div class=\"fusion-column-wrapper fusion-column-has-shadow fusion-flex-column-wrapper-legacy\"><div class=\"fusion-image-element in-legacy-container\" style=\"--awb-caption-title-font-family:var(--h2_typography-font-family);--awb-caption-title-font-weight:var(--h2_typography-font-weight);--awb-caption-title-font-style:var(--h2_typography-font-style);--awb-caption-title-size:var(--h2_typography-font-size);--awb-caption-title-transform:var(--h2_typography-text-transform);--awb-caption-title-line-height:var(--h2_typography-line-height);--awb-caption-title-letter-spacing:var(--h2_typography-letter-spacing);\"><span class=\" fusion-imageframe imageframe-none imageframe-3 hover-type-none\"><a class=\"fusion-no-lightbox\" href=\"https:\/\/brieger.ch\/wp-content\/uploads\/2026\/01\/FSSC_Certificate_14746_2026_de.pdf\" target=\"_blank\" aria-label=\"FSSC-22000\" rel=\"noopener noreferrer\"><img decoding=\"async\" width=\"400\" height=\"250\" alt=\"FSSC 22000 (2026)\" src=\"https:\/\/brieger.ch\/wp-content\/uploads\/2026\/01\/FSSC-22000.jpg\" class=\"img-responsive wp-image-107456\" srcset=\"https:\/\/brieger.ch\/wp-content\/uploads\/2026\/01\/FSSC-22000-200x125.jpg 200w, https:\/\/brieger.ch\/wp-content\/uploads\/2026\/01\/FSSC-22000.jpg 400w\" sizes=\"(max-width: 800px) 100vw, 200px\" \/><\/a><\/span><\/div><div class=\"fusion-clearfix\"><\/div><\/div><\/div><div class=\"fusion-layout-column fusion_builder_column fusion-builder-column-6 fusion_builder_column_1_6 1_6 fusion-one-sixth\" style=\"--awb-bg-size:cover;width:16.666666666667%;width:calc(16.666666666667% - ( ( 4% + 4% + 4% + 4% + 4% ) * 0.16666666666667 ) );margin-right: 4%;\"><div class=\"fusion-column-wrapper fusion-column-has-shadow fusion-flex-column-wrapper-legacy\"><div class=\"fusion-image-element in-legacy-container\" style=\"--awb-caption-title-font-family:var(--h2_typography-font-family);--awb-caption-title-font-weight:var(--h2_typography-font-weight);--awb-caption-title-font-style:var(--h2_typography-font-style);--awb-caption-title-size:var(--h2_typography-font-size);--awb-caption-title-transform:var(--h2_typography-text-transform);--awb-caption-title-line-height:var(--h2_typography-line-height);--awb-caption-title-letter-spacing:var(--h2_typography-letter-spacing);\"><span class=\" fusion-imageframe imageframe-none imageframe-4 hover-type-none\"><a class=\"fusion-no-lightbox\" href=\"https:\/\/brieger.ch\/wp-content\/uploads\/2025\/04\/Zertifikat-FSC-bis-2027-DE-1.pdf\" target=\"_blank\" aria-label=\"fsc\" rel=\"noopener noreferrer\"><img decoding=\"async\" width=\"400\" height=\"250\" src=\"https:\/\/brieger.ch\/wp-content\/uploads\/2020\/01\/fsc-1.jpg\" alt class=\"img-responsive wp-image-27206\" srcset=\"https:\/\/brieger.ch\/wp-content\/uploads\/2020\/01\/fsc-1-200x125.jpg 200w, https:\/\/brieger.ch\/wp-content\/uploads\/2020\/01\/fsc-1.jpg 400w\" sizes=\"(max-width: 800px) 100vw, 200px\" \/><\/a><\/span><\/div><div class=\"fusion-clearfix\"><\/div><\/div><\/div><div class=\"fusion-layout-column fusion_builder_column fusion-builder-column-7 fusion_builder_column_1_6 1_6 fusion-one-sixth\" style=\"--awb-bg-size:cover;width:16.666666666667%;width:calc(16.666666666667% - ( ( 4% + 4% + 4% + 4% + 4% ) * 0.16666666666667 ) );margin-right: 4%;\"><div class=\"fusion-column-wrapper fusion-column-has-shadow fusion-flex-column-wrapper-legacy\"><div class=\"fusion-image-element in-legacy-container\" style=\"--awb-caption-title-font-family:var(--h2_typography-font-family);--awb-caption-title-font-weight:var(--h2_typography-font-weight);--awb-caption-title-font-style:var(--h2_typography-font-style);--awb-caption-title-size:var(--h2_typography-font-size);--awb-caption-title-transform:var(--h2_typography-text-transform);--awb-caption-title-line-height:var(--h2_typography-line-height);--awb-caption-title-letter-spacing:var(--h2_typography-letter-spacing);\"><span class=\" fusion-imageframe imageframe-none imageframe-5 hover-type-none\"><a class=\"fusion-no-lightbox\" href=\"https:\/\/brieger.ch\/wp-content\/uploads\/2025\/04\/EnAW_Zertifikat_2025_Bourquin-SA_DE-1.pdf\" target=\"_blank\" aria-label=\"energie-angentur\" rel=\"noopener noreferrer\"><img decoding=\"async\" width=\"400\" height=\"250\" src=\"https:\/\/brieger.ch\/wp-content\/uploads\/2020\/01\/energie-angentur-1.jpg\" alt class=\"img-responsive wp-image-27208\" srcset=\"https:\/\/brieger.ch\/wp-content\/uploads\/2020\/01\/energie-angentur-1-200x125.jpg 200w, https:\/\/brieger.ch\/wp-content\/uploads\/2020\/01\/energie-angentur-1.jpg 400w\" sizes=\"(max-width: 800px) 100vw, 200px\" \/><\/a><\/span><\/div><div class=\"fusion-clearfix\"><\/div><\/div><\/div><div class=\"fusion-layout-column fusion_builder_column fusion-builder-column-8 fusion_builder_column_1_6 1_6 fusion-one-sixth fusion-column-last\" style=\"--awb-bg-size:cover;width:16.666666666667%;width:calc(16.666666666667% - ( ( 4% + 4% + 4% + 4% + 4% ) * 0.16666666666667 ) );\"><div class=\"fusion-column-wrapper fusion-column-has-shadow fusion-flex-column-wrapper-legacy\"><div class=\"fusion-image-element in-legacy-container\" style=\"--awb-caption-title-font-family:var(--h2_typography-font-family);--awb-caption-title-font-weight:var(--h2_typography-font-weight);--awb-caption-title-font-style:var(--h2_typography-font-style);--awb-caption-title-size:var(--h2_typography-font-size);--awb-caption-title-transform:var(--h2_typography-text-transform);--awb-caption-title-line-height:var(--h2_typography-line-height);--awb-caption-title-letter-spacing:var(--h2_typography-letter-spacing);\"><span class=\" fusion-imageframe imageframe-none imageframe-6 hover-type-none\"><a class=\"fusion-no-lightbox\" href=\"https:\/\/brieger.ch\/wp-content\/uploads\/2025\/08\/BOURQUIN_SA_CSR_Performance_Overview_Details_2025_05_09.pdf\" target=\"_blank\" aria-label=\"EcoVadis_hochformat2025\" rel=\"noopener noreferrer\"><img decoding=\"async\" width=\"640\" height=\"400\" alt=\"ecovadis \" src=\"https:\/\/brieger.ch\/wp-content\/uploads\/2025\/08\/EcoVadis_hochformat2025-640x400.jpg\" class=\"img-responsive wp-image-102297\" srcset=\"https:\/\/brieger.ch\/wp-content\/uploads\/2025\/08\/EcoVadis_hochformat2025-200x125.jpg 200w, https:\/\/brieger.ch\/wp-content\/uploads\/2025\/08\/EcoVadis_hochformat2025-400x250.jpg 400w, https:\/\/brieger.ch\/wp-content\/uploads\/2025\/08\/EcoVadis_hochformat2025-600x375.jpg 600w, https:\/\/brieger.ch\/wp-content\/uploads\/2025\/08\/EcoVadis_hochformat2025-800x500.jpg 800w, https:\/\/brieger.ch\/wp-content\/uploads\/2025\/08\/EcoVadis_hochformat2025-1200x750.jpg 1200w, https:\/\/brieger.ch\/wp-content\/uploads\/2025\/08\/EcoVadis_hochformat2025.jpg 1810w\" sizes=\"(max-width: 800px) 100vw, 200px\" \/><\/a><\/span><\/div><div class=\"fusion-clearfix\"><\/div><\/div><\/div><\/div><\/div><\/div><\/p>\n","protected":false},"excerpt":{"rendered":"","protected":false},"author":1,"featured_media":0,"parent":0,"menu_order":30,"comment_status":"closed","ping_status":"closed","template":"","meta":{"_searchwp_excluded":"","footnotes":""},"class_list":["post-109553","page","type-page","status-publish","hentry"],"_links":{"self":[{"href":"https:\/\/brieger.ch\/fr\/wp-json\/wp\/v2\/pages\/109553","targetHints":{"allow":["GET"]}}],"collection":[{"href":"https:\/\/brieger.ch\/fr\/wp-json\/wp\/v2\/pages"}],"about":[{"href":"https:\/\/brieger.ch\/fr\/wp-json\/wp\/v2\/types\/page"}],"author":[{"embeddable":true,"href":"https:\/\/brieger.ch\/fr\/wp-json\/wp\/v2\/users\/1"}],"replies":[{"embeddable":true,"href":"https:\/\/brieger.ch\/fr\/wp-json\/wp\/v2\/comments?post=109553"}],"version-history":[{"count":10,"href":"https:\/\/brieger.ch\/fr\/wp-json\/wp\/v2\/pages\/109553\/revisions"}],"predecessor-version":[{"id":109614,"href":"https:\/\/brieger.ch\/fr\/wp-json\/wp\/v2\/pages\/109553\/revisions\/109614"}],"wp:attachment":[{"href":"https:\/\/brieger.ch\/fr\/wp-json\/wp\/v2\/media?parent=109553"}],"curies":[{"name":"wp","href":"https:\/\/api.w.org\/{rel}","templated":true}]}}